{"id":4678,"date":"2021-05-17T11:49:58","date_gmt":"2021-05-17T09:49:58","guid":{"rendered":"https:\/\/cordoba.salesianos.edu\/pastoral\/?page_id=4678"},"modified":"2023-06-05T11:40:56","modified_gmt":"2023-06-05T09:40:56","slug":"centro-juvenil-dosa","status":"publish","type":"page","link":"https:\/\/cordoba.salesianos.edu\/pastoral\/centro-juvenil-dosa\/","title":{"rendered":"Centro Juvenil DOSA"},"content":{"rendered":"<p>[et_pb_section fb_built=\u00bb1&#8243; fullwidth=\u00bbon\u00bb _builder_version=\u00bb4.16&#8243; custom_padding=\u00bb|||\u00bb global_colors_info=\u00bb{}\u00bb][et_pb_fullwidth_header subhead=\u00bb\u00a1Siempre alegres!\u00bb header_fullscreen=\u00bbon\u00bb header_scroll_down=\u00bbon\u00bb scroll_down_icon=\u00bb%%1%%\u00bb background_overlay_color=\u00bbrgba(220,0,27,0.8)\u00bb logo_image_url=\u00bbhttps:\/\/cordoba.salesianos.edu\/pastoral\/wp-content\/uploads\/sites\/4\/2021\/05\/descarga-1-copia-1.png\u00bb title_font_color=\u00bb#ffffff\u00bb subhead_font_color=\u00bb#ffffff\u00bb admin_label=\u00bbT\u00edtulo de anchura completa\u00bb module_class=\u00bbpagina-imagen-cabecera\u00bb _builder_version=\u00bb4.16&#8243; title_font=\u00bb||||||||\u00bb title_text_color=\u00bb#fcfcfc\u00bb title_font_size=\u00bb40px\u00bb subhead_font=\u00bbCalligraffitti||||\u00bb subhead_text_color=\u00bb#ffffff\u00bb subhead_font_size=\u00bb60px\u00bb background_color=\u00bbrgba(255, 255, 255, 0)\u00bb background_image=\u00bbhttps:\/\/cordoba.salesianos.edu\/pastoral\/wp-content\/uploads\/sites\/4\/2021\/05\/portada_ajdb.jpg\u00bb parallax=\u00bbon\u00bb parallax_method=\u00bbon\u00bb custom_button_one=\u00bbon\u00bb button_one_text_color=\u00bb#ffffff\u00bb button_one_bg_color=\u00bbrgba(255,255,255,0.22)\u00bb button_one_font=\u00bb||||||||\u00bb background_layout=\u00bblight\u00bb max_width=\u00bb100%\u00bb custom_margin=\u00bb-60px||-45px||false|false\u00bb custom_padding=\u00bb||0px|||\u00bb background_url=\u00bbhttps:\/\/alicante.salesianos.edu\/colegio\/wp-content\/uploads\/sites\/2\/2017\/05\/Captura-de-pantalla-2017-05-24-a-las-18.40.38.png\u00bb saved_tabs=\u00bball\u00bb global_colors_info=\u00bb{}\u00bb button_one_text_size__hover_enabled=\u00bboff\u00bb button_two_text_size__hover_enabled=\u00bboff\u00bb button_one_text_color__hover_enabled=\u00bboff\u00bb button_two_text_color__hover_enabled=\u00bboff\u00bb button_one_border_width__hover_enabled=\u00bboff\u00bb button_two_border_width__hover_enabled=\u00bboff\u00bb button_one_border_color__hover_enabled=\u00bboff\u00bb button_two_border_color__hover_enabled=\u00bboff\u00bb button_one_border_radius__hover_enabled=\u00bboff\u00bb button_two_border_radius__hover_enabled=\u00bboff\u00bb button_one_letter_spacing__hover_enabled=\u00bboff\u00bb button_two_letter_spacing__hover_enabled=\u00bboff\u00bb button_one_bg_color__hover_enabled=\u00bboff\u00bb button_two_bg_color__hover_enabled=\u00bboff\u00bb][\/et_pb_fullwidth_header][\/et_pb_section][et_pb_section fb_built=\u00bb1&#8243; fullwidth=\u00bbon\u00bb _builder_version=\u00bb4.20.0&#8243; _module_preset=\u00bbdefault\u00bb global_colors_info=\u00bb{}\u00bb][\/et_pb_section][et_pb_section fb_built=\u00bb1&#8243; module_class=\u00bbpagina-seccion-contenido\u00bb _builder_version=\u00bb4.16&#8243; custom_padding=\u00bb30px||17px||false|false\u00bb global_colors_info=\u00bb{}\u00bb][et_pb_row _builder_version=\u00bb4.20.0&#8243; _module_preset=\u00bbdefault\u00bb global_colors_info=\u00bb{}\u00bb][et_pb_column type=\u00bb4_4&#8243; _builder_version=\u00bb4.20.0&#8243; _module_preset=\u00bbdefault\u00bb global_colors_info=\u00bb{}\u00bb][et_pb_button button_text=\u00bbOratorio de Verano\u00bb button_alignment=\u00bbcenter\u00bb _builder_version=\u00bb4.20.0&#8243; _module_preset=\u00bbdefault\u00bb hover_enabled=\u00bb0&#8243; global_colors_info=\u00bb{}\u00bb button_url=\u00bbhttps:\/\/cordoba.salesianos.edu\/wp-content\/uploads\/2023\/06\/INFORMACION-ORATORIO-DE-VERANO-2023.pdf\u00bb sticky_enabled=\u00bb0&#8243;][\/et_pb_button][\/et_pb_column][\/et_pb_row][et_pb_row column_structure=\u00bb1_4,1_4,1_4,1_4&#8243; _builder_version=\u00bb4.16&#8243; _module_preset=\u00bbdefault\u00bb global_colors_info=\u00bb{}\u00bb][et_pb_column type=\u00bb1_4&#8243; _builder_version=\u00bb4.16&#8243; _module_preset=\u00bbdefault\u00bb global_colors_info=\u00bb{}\u00bb][et_pb_number_counter title=\u00bbN\u00aa destinatarios\u00bb number=\u00bb540&#8243; percent_sign=\u00bboff\u00bb _builder_version=\u00bb4.16&#8243; _module_preset=\u00bbdefault\u00bb title_font_size=\u00bb20px\u00bb global_colors_info=\u00bb{}\u00bb][\/et_pb_number_counter][\/et_pb_column][et_pb_column type=\u00bb1_4&#8243; _builder_version=\u00bb4.16&#8243; _module_preset=\u00bbdefault\u00bb global_colors_info=\u00bb{}\u00bb][et_pb_number_counter title=\u00bbEdades destinatarios\u00bb number=\u00bb6-28&#8243; percent_sign=\u00bboff\u00bb _builder_version=\u00bb4.16&#8243; _module_preset=\u00bbdefault\u00bb title_font_size=\u00bb20px\u00bb global_colors_info=\u00bb{}\u00bb][\/et_pb_number_counter][\/et_pb_column][et_pb_column type=\u00bb1_4&#8243; _builder_version=\u00bb4.16&#8243; _module_preset=\u00bbdefault\u00bb global_colors_info=\u00bb{}\u00bb][et_pb_number_counter title=\u00bbN\u00ba animadores\u00bb number=\u00bb90&#8243; percent_sign=\u00bboff\u00bb _builder_version=\u00bb4.16&#8243; _module_preset=\u00bbdefault\u00bb title_font_size=\u00bb20px\u00bb global_colors_info=\u00bb{}\u00bb][\/et_pb_number_counter][\/et_pb_column][et_pb_column type=\u00bb1_4&#8243; _builder_version=\u00bb4.16&#8243; _module_preset=\u00bbdefault\u00bb global_colors_info=\u00bb{}\u00bb][et_pb_number_counter title=\u00bbEdades animadores\u00bb number=\u00bb19-28&#8243; percent_sign=\u00bboff\u00bb _builder_version=\u00bb4.16&#8243; _module_preset=\u00bbdefault\u00bb title_font_size=\u00bb20px\u00bb global_colors_info=\u00bb{}\u00bb][\/et_pb_number_counter][\/et_pb_column][\/et_pb_row][\/et_pb_section][et_pb_section fb_built=\u00bb1&#8243; prev_background_color=\u00bb#ffffff\u00bb next_background_color=\u00bb#ffffff\u00bb module_id=\u00bbContactar\u00bb _builder_version=\u00bb4.16&#8243; background_color=\u00bb#ededed\u00bb custom_padding=\u00bb60px|0px|49.234375px|0px|false|false\u00bb top_divider_style=\u00bbmountains2&#8243; bottom_divider_style=\u00bbmountains2&#8243; global_colors_info=\u00bb{}\u00bb][et_pb_row module_class=\u00bbcinco-columnas et_pb_row_fullwidth\u00bb _builder_version=\u00bb4.16&#8243; width=\u00bb94%\u00bb width_tablet=\u00bb80%\u00bb width_phone=\u00bb\u00bb width_last_edited=\u00bbon|desktop\u00bb max_width=\u00bb94%\u00bb max_width_tablet=\u00bb80%\u00bb max_width_phone=\u00bb\u00bb max_width_last_edited=\u00bbon|desktop\u00bb custom_padding=\u00bb40px|0px|50px|0px|false|false\u00bb make_fullwidth=\u00bbon\u00bb global_colors_info=\u00bb{}\u00bb][et_pb_column type=\u00bb4_4&#8243; _builder_version=\u00bb4.16&#8243; custom_padding=\u00bb|||\u00bb global_colors_info=\u00bb{}\u00bb custom_padding__hover=\u00bb|||\u00bb][et_pb_blurb title=\u00bbActividades de secci\u00f3n y talleres todas las semanas, y en el caso de actividades generales cuando corresponde.\u00bb use_icon=\u00bbon\u00bb font_icon=\u00bb&#xe60d;||divi||400&#8243; _builder_version=\u00bb4.16&#8243; header_font=\u00bb||||\u00bb header_font_size=\u00bb16px\u00bb body_font_size=\u00bb18px\u00bb text_orientation=\u00bbcenter\u00bb global_colors_info=\u00bb{}\u00bb][\/et_pb_blurb][et_pb_blurb title=\u00bbcordoba.salesianos.edu\/centro-juvenil-dosa\u00bb use_icon=\u00bbon\u00bb font_icon=\u00bb&#xe0e3;||divi||400&#8243; _builder_version=\u00bb4.16&#8243; header_font_size=\u00bb16px\u00bb body_font_size=\u00bb12px\u00bb text_orientation=\u00bbcenter\u00bb global_colors_info=\u00bb{}\u00bb][\/et_pb_blurb][et_pb_blurb title=\u00bb 957 482 000&#8243; url=\u00bbtel:957482000&#8243; use_icon=\u00bbon\u00bb font_icon=\u00bb&#xe090;||divi||400&#8243; _builder_version=\u00bb4.16&#8243; header_font_size=\u00bb16px\u00bb body_font_size=\u00bb12px\u00bb text_orientation=\u00bbcenter\u00bb global_colors_info=\u00bb{}\u00bb][\/et_pb_blurb][et_pb_blurb title=\u00bbpj.cordoba@salesianos.edu\u00bb url=\u00bbmailto:aj.emejotaese@federacionelpatio.org\u00bb use_icon=\u00bbon\u00bb font_icon=\u00bb&#xe076;||divi||400&#8243; _builder_version=\u00bb4.16&#8243; header_font_size=\u00bb16px\u00bb body_font_size=\u00bb12px\u00bb text_orientation=\u00bbcenter\u00bb global_colors_info=\u00bb{}\u00bb][\/et_pb_blurb][et_pb_blurb title=\u00bbCALLE MAR\u00cdA AUXILIADORA      N\u00ba 12 C\u00d3RDOBA \u00bb use_icon=\u00bbon\u00bb font_icon=\u00bb&#xe081;||divi||400&#8243; _builder_version=\u00bb4.16&#8243; header_font_size=\u00bb16px\u00bb body_font_size=\u00bb12px\u00bb text_orientation=\u00bbcenter\u00bb global_colors_info=\u00bb{}\u00bb][\/et_pb_blurb][\/et_pb_column][\/et_pb_row][\/et_pb_section][et_pb_section fb_built=\u00bb1&#8243; _builder_version=\u00bb4.16&#8243; custom_padding=\u00bb21px|0px|54px|0px|false|false\u00bb global_colors_info=\u00bb{}\u00bb][et_pb_row column_structure=\u00bb1_2,1_2&#8243; admin_label=\u00bbrow\u00bb _builder_version=\u00bb4.16&#8243; background_size=\u00bbinitial\u00bb background_position=\u00bbtop_left\u00bb background_repeat=\u00bbrepeat\u00bb custom_padding=\u00bb14px|0px|27px|0px\u00bb global_colors_info=\u00bb{}\u00bb][et_pb_column type=\u00bb1_2&#8243; _builder_version=\u00bb4.16&#8243; custom_padding=\u00bb|||\u00bb global_colors_info=\u00bb{}\u00bb custom_padding__hover=\u00bb|||\u00bb][et_pb_tabs _builder_version=\u00bb4.16&#8243; tab_font=\u00bbLato|300|||||||\u00bb tab_font_size=\u00bb18px\u00bb tab_line_height=\u00bb2em\u00bb background_size=\u00bbinitial\u00bb background_position=\u00bbtop_left\u00bb background_repeat=\u00bbrepeat\u00bb global_colors_info=\u00bb{}\u00bb][et_pb_tab title=\u00bbIdentidad\u00bb _builder_version=\u00bb4.16&#8243; background_size=\u00bbinitial\u00bb background_position=\u00bbtop_left\u00bb background_repeat=\u00bbrepeat\u00bb global_colors_info=\u00bb{}\u00bb]<\/p>\n<h3 style=\"text-align: justify;\">Breve descripci\u00f3n<\/h3>\n<p><span>El Centro Juvenil DOSA realiza la misi\u00f3n salesiana en el campo de la educaci\u00f3n en el tiempo libre, es decir, una educaci\u00f3n m\u00e1s libre y espont\u00e1nea que la escolar donde lo educativo y evangelizador llega a trav\u00e9s de la mediaci\u00f3n del deporte, el tiempo libre, los grupos de fe, el voluntariado social, etc.<\/span><\/p>\n<p style=\"font-weight: 400;\">Aspectos fundamentales del Centro Juvenil DOSA:<\/p>\n<ul style=\"font-weight: 400;\">\n<li>La presencia\u2013participaci\u00f3n en la vida del joven con sus necesidades y problemas.<\/li>\n<li>Un tiempo pleno de atenci\u00f3n y animaci\u00f3n mediante contactos personales y actividades.<\/li>\n<li>Una propuesta educativa y evangelizadora integral donde caben todas las expresiones juveniles.<\/li>\n<li>Centrada en la participaci\u00f3n juvenil, estar juntos, la apertura a todos.<\/li>\n<li>Con la mirada puesta en las personas y en la consecuci\u00f3n de procesos madurativos con y en ellos.<\/li>\n<\/ul>\n<p style=\"font-weight: 400;\">Abiertos a la realidad de la zona y de la Iglesia para ser uno m\u00e1s entre los j\u00f3venes.<\/p>\n<p style=\"font-weight: 400;\">En el Centro Juvenil DOSA seguimos el modelo educativo de Don Bosco que para los j\u00f3venes fue casa que acoge, parroquia que evangeliza, escuela que encamina hacia la vida y patio donde se comparte la amistad y la alegr\u00eda.<\/p>\n<p style=\"font-weight: 400;\">Estas caracter\u00edsticas son las que permiten ver la multiplicidad de organismos, personas y estructuras que hay dentro del Centro Juvenil DOSA.<\/p>\n<p>[\/et_pb_tab][et_pb_tab title=\u00bbMomentos destacados del curso\u00bb _builder_version=\u00bb4.16&#8243; background_size=\u00bbinitial\u00bb background_position=\u00bbtop_left\u00bb background_repeat=\u00bbrepeat\u00bb global_colors_info=\u00bb{}\u00bb]<\/p>\n<h3 style=\"text-align: justify;\">Momentos destacados<\/h3>\n<p>Durante el mes de julio, realizamos el oratorio de verano, donde los destinatarios de entre 6 a 15 a\u00f1os ascienden hasta los 400 en los \u00faltimos a\u00f1os, siendo un lugar de encuentro de j\u00f3venes de diferentes colegios, de la ciudad de C\u00f3rdoba e incluso, con la participaci\u00f3n de j\u00f3venes con realidades de exclusi\u00f3n con m\u00e1s de 140 animadores. Adem\u00e1s, dicha actividad sirve como toma de contacto vocacional respecto a la animaci\u00f3n en tiempo libre, para muchos j\u00f3venes de 16 a 17 a\u00f1os.<\/p>\n<p>La Operaci\u00f3n Potito, habiendo tenido ya la campa\u00f1a n\u00famero 26, siendo un referente en la ciudad de C\u00f3rdoba y una muestra de cooperaci\u00f3n de toda la familia. Una campa\u00f1a de recogida de alimentos infantiles que mueve a toda una ciudad para generar sonrisas entre los m\u00e1s peque\u00f1os.<\/p>\n<p>Durante el curso, existen diversas actividades coordinadas desde el grupo de VALDOCCO, el cual busca el entretenimiento de los j\u00f3venes los viernes por la noche, mediante noches tem\u00e1ticas, PREUVAS a modo de fin de a\u00f1o, fiestas de gala y noches hawaianas, pasajes del terror y cine tem\u00e1tico y ambientado, donde poder divertirse de manera sana junto con sus animadores.<\/p>\n<p>El d\u00eda de Reyes de Palmeras, es una actividad coordinada desde el grupo joven de la Hermandad, donde se crea un oratorio y una entrega de regalos de parte de los Reyes Magos para los chicos y chicas del barrio de la Palmeras, uno de los m\u00e1s pobres de la ciudad de C\u00f3rdoba.<\/p>\n<p>Los domingos convocan a ni\u00f1os y j\u00f3venes a las eucarist\u00edas de las 12 y las 19\u201930 horas.<\/p>\n<p>[\/et_pb_tab][et_pb_tab title=\u00bbComponentes\u00bb _builder_version=\u00bb4.16&#8243; background_size=\u00bbinitial\u00bb background_position=\u00bbtop_left\u00bb background_repeat=\u00bbrepeat\u00bb global_colors_info=\u00bb{}\u00bb]<\/p>\n<h3 style=\"text-align: justify;\">Momentos de encuentro con la presencia salesiana<\/h3>\n<p>\u00c1mbitos que componen el Centro Juvenil DOSA:<\/p>\n<ul style=\"font-weight: 400;\">\n<li>Movimiento Juvenil Cristo Vive.<\/li>\n<li>Oratorio.<\/li>\n<li>Sede local ONGD Solidaridad Don Bosco.<\/li>\n<li>Grupo de teatro \u201cMiguel Magone\u201d.<\/li>\n<li>Catequesis de ni\u00f1os y de padres.<\/li>\n<li>Grupo Joven de la Hermandad del Prendimiento.<\/li>\n<li>Club Deportivo Salesianos.\u00a0<\/li>\n<\/ul>\n<p>[\/et_pb_tab][\/et_pb_tabs][\/et_pb_column][et_pb_column type=\u00bb1_2&#8243; _builder_version=\u00bb4.16&#8243; custom_padding=\u00bb|||\u00bb global_colors_info=\u00bb{}\u00bb custom_padding__hover=\u00bb|||\u00bb][et_pb_image src=\u00bbhttps:\/\/cordoba.salesianos.edu\/pastoral\/wp-content\/uploads\/sites\/4\/2023\/06\/Cartel-oratorio-5mb-1.jpg\u00bb title_text=\u00bbCartel oratorio\u00bb admin_label=\u00bb#oratorio\u00bb module_id=\u00bb#oratorio\u00bb _builder_version=\u00bb4.20.0&#8243; _module_preset=\u00bbdefault\u00bb global_colors_info=\u00bb{}\u00bb][\/et_pb_image][\/et_pb_column][\/et_pb_row][\/et_pb_section]<\/p>\n","protected":false},"excerpt":{"rendered":"<p>Breve descripci\u00f3n El Centro Juvenil DOSA realiza la misi\u00f3n salesiana en el campo de la educaci\u00f3n en el tiempo libre, es decir, una educaci\u00f3n m\u00e1s libre y espont\u00e1nea que la escolar donde lo educativo y evangelizador llega a trav\u00e9s de la mediaci\u00f3n del deporte, el tiempo libre, los grupos de fe, el voluntariado social, etc. [&hellip;]<\/p>\n","protected":false},"author":3,"featured_media":0,"parent":0,"menu_order":0,"comment_status":"closed","ping_status":"closed","template":"","meta":{"_et_pb_use_builder":"on","_et_pb_old_content":"","_et_gb_content_width":"","footnotes":""},"class_list":["post-4678","page","type-page","status-publish","hentry"],"yoast_head":"<!-- This site is optimized with the Yoast SEO plugin v27.3 - https:\/\/yoast.com\/product\/yoast-seo-wordpress\/ -->\n<title>Centro Juvenil DOSA - Pastoral<\/title>\n<meta name=\"robots\" content=\"index, follow, max-snippet:-1, max-image-preview:large, max-video-preview:-1\" \/>\n<link rel=\"canonical\" href=\"https:\/\/cordoba.salesianos.edu\/pastoral\/centro-juvenil-dosa\/\" \/>\n<meta property=\"og:locale\" content=\"es_ES\" \/>\n<meta property=\"og:type\" content=\"article\" \/>\n<meta property=\"og:title\" content=\"Centro Juvenil DOSA - Pastoral\" \/>\n<meta property=\"og:description\" content=\"Breve descripci\u00f3n El Centro Juvenil DOSA realiza la misi\u00f3n salesiana en el campo de la educaci\u00f3n en el tiempo libre, es decir, una educaci\u00f3n m\u00e1s libre y espont\u00e1nea que la escolar donde lo educativo y evangelizador llega a trav\u00e9s de la mediaci\u00f3n del deporte, el tiempo libre, los grupos de fe, el voluntariado social, etc. [&hellip;]\" \/>\n<meta property=\"og:url\" content=\"https:\/\/cordoba.salesianos.edu\/pastoral\/centro-juvenil-dosa\/\" \/>\n<meta property=\"og:site_name\" content=\"Pastoral\" \/>\n<meta property=\"article:modified_time\" content=\"2023-06-05T09:40:56+00:00\" \/>\n<meta name=\"twitter:card\" content=\"summary_large_image\" \/>\n<meta name=\"twitter:label1\" content=\"Tiempo de lectura\" \/>\n\t<meta name=\"twitter:data1\" content=\"8 minutos\" \/>\n<script type=\"application\/ld+json\" class=\"yoast-schema-graph\">{\"@context\":\"https:\\\/\\\/schema.org\",\"@graph\":[{\"@type\":\"WebPage\",\"@id\":\"https:\\\/\\\/cordoba.salesianos.edu\\\/pastoral\\\/centro-juvenil-dosa\\\/\",\"url\":\"https:\\\/\\\/cordoba.salesianos.edu\\\/pastoral\\\/centro-juvenil-dosa\\\/\",\"name\":\"Centro Juvenil DOSA - Pastoral\",\"isPartOf\":{\"@id\":\"https:\\\/\\\/cordoba.salesianos.edu\\\/pastoral\\\/#website\"},\"datePublished\":\"2021-05-17T09:49:58+00:00\",\"dateModified\":\"2023-06-05T09:40:56+00:00\",\"breadcrumb\":{\"@id\":\"https:\\\/\\\/cordoba.salesianos.edu\\\/pastoral\\\/centro-juvenil-dosa\\\/#breadcrumb\"},\"inLanguage\":\"es\",\"potentialAction\":[{\"@type\":\"ReadAction\",\"target\":[\"https:\\\/\\\/cordoba.salesianos.edu\\\/pastoral\\\/centro-juvenil-dosa\\\/\"]}]},{\"@type\":\"BreadcrumbList\",\"@id\":\"https:\\\/\\\/cordoba.salesianos.edu\\\/pastoral\\\/centro-juvenil-dosa\\\/#breadcrumb\",\"itemListElement\":[{\"@type\":\"ListItem\",\"position\":1,\"name\":\"Portada\",\"item\":\"https:\\\/\\\/cordoba.salesianos.edu\\\/pastoral\\\/\"},{\"@type\":\"ListItem\",\"position\":2,\"name\":\"Centro Juvenil DOSA\"}]},{\"@type\":\"WebSite\",\"@id\":\"https:\\\/\\\/cordoba.salesianos.edu\\\/pastoral\\\/#website\",\"url\":\"https:\\\/\\\/cordoba.salesianos.edu\\\/pastoral\\\/\",\"name\":\"Pastoral\",\"description\":\"P\u00e1gina oficial Salesianos C\u00f3rdoba\",\"potentialAction\":[{\"@type\":\"SearchAction\",\"target\":{\"@type\":\"EntryPoint\",\"urlTemplate\":\"https:\\\/\\\/cordoba.salesianos.edu\\\/pastoral\\\/?s={search_term_string}\"},\"query-input\":{\"@type\":\"PropertyValueSpecification\",\"valueRequired\":true,\"valueName\":\"search_term_string\"}}],\"inLanguage\":\"es\"}]}<\/script>\n<!-- \/ Yoast SEO plugin. -->","yoast_head_json":{"title":"Centro Juvenil DOSA - Pastoral","robots":{"index":"index","follow":"follow","max-snippet":"max-snippet:-1","max-image-preview":"max-image-preview:large","max-video-preview":"max-video-preview:-1"},"canonical":"https:\/\/cordoba.salesianos.edu\/pastoral\/centro-juvenil-dosa\/","og_locale":"es_ES","og_type":"article","og_title":"Centro Juvenil DOSA - Pastoral","og_description":"Breve descripci\u00f3n El Centro Juvenil DOSA realiza la misi\u00f3n salesiana en el campo de la educaci\u00f3n en el tiempo libre, es decir, una educaci\u00f3n m\u00e1s libre y espont\u00e1nea que la escolar donde lo educativo y evangelizador llega a trav\u00e9s de la mediaci\u00f3n del deporte, el tiempo libre, los grupos de fe, el voluntariado social, etc. [&hellip;]","og_url":"https:\/\/cordoba.salesianos.edu\/pastoral\/centro-juvenil-dosa\/","og_site_name":"Pastoral","article_modified_time":"2023-06-05T09:40:56+00:00","twitter_card":"summary_large_image","twitter_misc":{"Tiempo de lectura":"8 minutos"},"schema":{"@context":"https:\/\/schema.org","@graph":[{"@type":"WebPage","@id":"https:\/\/cordoba.salesianos.edu\/pastoral\/centro-juvenil-dosa\/","url":"https:\/\/cordoba.salesianos.edu\/pastoral\/centro-juvenil-dosa\/","name":"Centro Juvenil DOSA - Pastoral","isPartOf":{"@id":"https:\/\/cordoba.salesianos.edu\/pastoral\/#website"},"datePublished":"2021-05-17T09:49:58+00:00","dateModified":"2023-06-05T09:40:56+00:00","breadcrumb":{"@id":"https:\/\/cordoba.salesianos.edu\/pastoral\/centro-juvenil-dosa\/#breadcrumb"},"inLanguage":"es","potentialAction":[{"@type":"ReadAction","target":["https:\/\/cordoba.salesianos.edu\/pastoral\/centro-juvenil-dosa\/"]}]},{"@type":"BreadcrumbList","@id":"https:\/\/cordoba.salesianos.edu\/pastoral\/centro-juvenil-dosa\/#breadcrumb","itemListElement":[{"@type":"ListItem","position":1,"name":"Portada","item":"https:\/\/cordoba.salesianos.edu\/pastoral\/"},{"@type":"ListItem","position":2,"name":"Centro Juvenil DOSA"}]},{"@type":"WebSite","@id":"https:\/\/cordoba.salesianos.edu\/pastoral\/#website","url":"https:\/\/cordoba.salesianos.edu\/pastoral\/","name":"Pastoral","description":"P\u00e1gina oficial Salesianos C\u00f3rdoba","potentialAction":[{"@type":"SearchAction","target":{"@type":"EntryPoint","urlTemplate":"https:\/\/cordoba.salesianos.edu\/pastoral\/?s={search_term_string}"},"query-input":{"@type":"PropertyValueSpecification","valueRequired":true,"valueName":"search_term_string"}}],"inLanguage":"es"}]}},"_links":{"self":[{"href":"https:\/\/cordoba.salesianos.edu\/pastoral\/wp-json\/wp\/v2\/pages\/4678","targetHints":{"allow":["GET"]}}],"collection":[{"href":"https:\/\/cordoba.salesianos.edu\/pastoral\/wp-json\/wp\/v2\/pages"}],"about":[{"href":"https:\/\/cordoba.salesianos.edu\/pastoral\/wp-json\/wp\/v2\/types\/page"}],"author":[{"embeddable":true,"href":"https:\/\/cordoba.salesianos.edu\/pastoral\/wp-json\/wp\/v2\/users\/3"}],"replies":[{"embeddable":true,"href":"https:\/\/cordoba.salesianos.edu\/pastoral\/wp-json\/wp\/v2\/comments?post=4678"}],"version-history":[{"count":12,"href":"https:\/\/cordoba.salesianos.edu\/pastoral\/wp-json\/wp\/v2\/pages\/4678\/revisions"}],"predecessor-version":[{"id":4809,"href":"https:\/\/cordoba.salesianos.edu\/pastoral\/wp-json\/wp\/v2\/pages\/4678\/revisions\/4809"}],"wp:attachment":[{"href":"https:\/\/cordoba.salesianos.edu\/pastoral\/wp-json\/wp\/v2\/media?parent=4678"}],"curies":[{"name":"wp","href":"https:\/\/api.w.org\/{rel}","templated":true}]}}