{"id":2,"date":"2016-05-10T03:48:21","date_gmt":"2016-05-10T03:48:21","guid":{"rendered":"https:\/\/cordoba.salesianos.edu\/pastoral\/?page_id=2"},"modified":"2024-01-16T10:41:17","modified_gmt":"2024-01-16T09:41:17","slug":"inicio","status":"publish","type":"page","link":"https:\/\/cordoba.salesianos.edu\/pastoral\/","title":{"rendered":"Inicio"},"content":{"rendered":"<p>[et_pb_section fb_built=\u00bb1&#8243; fullwidth=\u00bbon\u00bb _builder_version=\u00bb4.16&#8243; background_color=\u00bbrgba(255,255,255,0)\u00bb custom_padding=\u00bb0px|0px|0px|0px\u00bb transparent_background=\u00bbon\u00bb global_colors_info=\u00bb{}\u00bb][et_pb_fullwidth_slider show_image_video_mobile=\u00bbon\u00bb admin_label=\u00bbPortada (Deslizador)\u00bb _builder_version=\u00bb4.16&#8243; body_text_color=\u00bb#E02B20&#8243; custom_padding=\u00bb|||\u00bb custom_padding_tablet=\u00bb|||\u00bb custom_padding_phone=\u00bb|||\u00bb auto=\u00bbon\u00bb box_shadow_style=\u00bbpreset6&#8243; box_shadow_blur=\u00bb10px\u00bb box_shadow_color=\u00bbrgba(0,0,0,0.1)\u00bb show_inner_shadow=\u00bbon\u00bb saved_tabs=\u00bball\u00bb global_colors_info=\u00bb{}\u00bb button_text_size__hover_enabled=\u00bboff\u00bb button_one_text_size__hover_enabled=\u00bboff\u00bb button_two_text_size__hover_enabled=\u00bboff\u00bb button_text_color__hover_enabled=\u00bboff\u00bb button_one_text_color__hover_enabled=\u00bboff\u00bb button_two_text_color__hover_enabled=\u00bboff\u00bb button_border_width__hover_enabled=\u00bboff\u00bb button_one_border_width__hover_enabled=\u00bboff\u00bb button_two_border_width__hover_enabled=\u00bboff\u00bb button_border_color__hover_enabled=\u00bboff\u00bb button_one_border_color__hover_enabled=\u00bboff\u00bb button_two_border_color__hover_enabled=\u00bboff\u00bb button_border_radius__hover_enabled=\u00bboff\u00bb button_one_border_radius__hover_enabled=\u00bboff\u00bb button_two_border_radius__hover_enabled=\u00bboff\u00bb button_letter_spacing__hover_enabled=\u00bboff\u00bb button_one_letter_spacing__hover_enabled=\u00bboff\u00bb button_two_letter_spacing__hover_enabled=\u00bboff\u00bb button_bg_color__hover_enabled=\u00bboff\u00bb button_one_bg_color__hover_enabled=\u00bboff\u00bb button_two_bg_color__hover_enabled=\u00bboff\u00bb][et_pb_slide heading=\u00bbActividades Pastorales\u00bb button_link=\u00bb@ET-DC@eyJkeW5hbWljIjp0cnVlLCJjb250ZW50IjoicG9zdF9saW5rX3VybF9wYWdlIiwic2V0dGluZ3MiOnsicG9zdF9pZCI6IjQ3MTcifX0=@\u00bb image=\u00bbhttps:\/\/cordoba.salesianos.edu\/pastoral\/wp-content\/uploads\/sites\/4\/2021\/05\/CORDOBA-1.png\u00bb use_bg_overlay=\u00bbon\u00bb bg_overlay_color=\u00bbrgba(255,255,255,0.24)\u00bb _builder_version=\u00bb4.16&#8243; _dynamic_attributes=\u00bbbutton_link\u00bb header_text_color=\u00bb#E02B20&#8243; header_font_size=\u00bb49px\u00bb body_font=\u00bbCalligraffitti||||\u00bb body_font_size=\u00bb34px\u00bb body_line_height=\u00bb1.1em\u00bb background_color=\u00bbrgba(255,255,255,0.39)\u00bb background_enable_color=\u00bbon\u00bb background_image=\u00bbhttps:\/\/cordoba.salesianos.edu\/pastoral\/wp-content\/uploads\/sites\/4\/2022\/02\/Captura-de-pantalla-2022-02-01-a-las-17.49.20.png\u00bb background_enable_image=\u00bbon\u00bb background_blend=\u00bboverlay\u00bb custom_button=\u00bbon\u00bb button_text_size=\u00bb30px\u00bb button_text_color=\u00bb#ffffff\u00bb button_bg_color=\u00bb#bb0020&#8243; button_border_width=\u00bb0px\u00bb button_border_color=\u00bb#ffffff\u00bb button_border_radius=\u00bb3px\u00bb button_font=\u00bbAmatic SC|on|||\u00bb global_colors_info=\u00bb{}\u00bb button_text_size__hover_enabled=\u00bboff\u00bb button_one_text_size__hover_enabled=\u00bboff\u00bb button_two_text_size__hover_enabled=\u00bboff\u00bb button_text_color__hover_enabled=\u00bboff\u00bb button_one_text_color__hover_enabled=\u00bboff\u00bb button_two_text_color__hover_enabled=\u00bboff\u00bb button_border_width__hover_enabled=\u00bboff\u00bb button_one_border_width__hover_enabled=\u00bboff\u00bb button_two_border_width__hover_enabled=\u00bboff\u00bb button_border_color__hover_enabled=\u00bboff\u00bb button_one_border_color__hover_enabled=\u00bboff\u00bb button_two_border_color__hover_enabled=\u00bboff\u00bb button_border_radius__hover_enabled=\u00bboff\u00bb button_one_border_radius__hover_enabled=\u00bboff\u00bb button_two_border_radius__hover_enabled=\u00bboff\u00bb button_letter_spacing__hover_enabled=\u00bboff\u00bb button_one_letter_spacing__hover_enabled=\u00bboff\u00bb button_two_letter_spacing__hover_enabled=\u00bboff\u00bb button_bg_color__hover_enabled=\u00bboff\u00bb button_one_bg_color__hover_enabled=\u00bboff\u00bb button_two_bg_color__hover_enabled=\u00bboff\u00bb sticky_transition=\u00bbon\u00bb][\/et_pb_slide][\/et_pb_fullwidth_slider][\/et_pb_section][et_pb_section fb_built=\u00bb1&#8243; module_id=\u00bbportada\u00bb _builder_version=\u00bb4.16&#8243; custom_padding=\u00bb0px|0px|0px|0px\u00bb global_colors_info=\u00bb{}\u00bb][et_pb_row _builder_version=\u00bb4.16&#8243; background_size=\u00bbinitial\u00bb background_position=\u00bbtop_left\u00bb background_repeat=\u00bbrepeat\u00bb custom_margin=\u00bb25px|||\u00bb custom_padding=\u00bb25px|0px|5px|0px\u00bb global_colors_info=\u00bb{}\u00bb][et_pb_column type=\u00bb4_4&#8243; _builder_version=\u00bb4.16&#8243; background_position=\u00bbtop_left\u00bb custom_padding=\u00bb|||\u00bb global_colors_info=\u00bb{}\u00bb custom_padding__hover=\u00bb|||\u00bb][et_pb_text admin_label=\u00bbDestacado (Texto)\u00bb _builder_version=\u00bb4.16&#8243; text_font=\u00bbArial||||\u00bb text_text_color=\u00bb#636a70&#8243; text_font_size=\u00bb22&#8243; text_line_height=\u00bb1.6em\u00bb header_font=\u00bbArial||||\u00bb header_text_color=\u00bb#636a70&#8243; header_font_size=\u00bb46px\u00bb background_size=\u00bbinitial\u00bb background_position=\u00bbtop_left\u00bb background_repeat=\u00bbrepeat\u00bb global_colors_info=\u00bb{}\u00bb]<\/p>\n<p class=\"\"><strong>Santuario Online<\/strong><strong><img loading=\"lazy\" decoding=\"async\" class=\"wp-image-1598 alignleft\" src=\"https:\/\/cordoba.salesianos.edu\/pastoral\/wp-content\/uploads\/sites\/4\/2021\/05\/destacados.png\" alt=\"\" width=\"29\" height=\"30\" \/><\/strong><\/p>\n<p>[\/et_pb_text][\/et_pb_column][\/et_pb_row][et_pb_row column_structure=\u00bb1_4,1_2,1_4&#8243; _builder_version=\u00bb4.16&#8243; background_size=\u00bbinitial\u00bb background_position=\u00bbtop_left\u00bb background_repeat=\u00bbrepeat\u00bb custom_margin=\u00bb25px|||\u00bb custom_padding=\u00bb25px|0px|5px|0px\u00bb global_colors_info=\u00bb{}\u00bb][et_pb_column type=\u00bb1_4&#8243; _builder_version=\u00bb4.16&#8243; background_position=\u00bbtop_left\u00bb custom_padding=\u00bb|||\u00bb global_colors_info=\u00bb{}\u00bb custom_padding__hover=\u00bb|||\u00bb][\/et_pb_column][et_pb_column type=\u00bb1_2&#8243; _builder_version=\u00bb4.16&#8243; background_position=\u00bbtop_left\u00bb custom_padding=\u00bb|||\u00bb global_colors_info=\u00bb{}\u00bb custom_padding__hover=\u00bb|||\u00bb][et_pb_code _builder_version=\u00bb4.16&#8243; _module_preset=\u00bbdefault\u00bb global_colors_info=\u00bb{}\u00bb]<script src=\"https:\/\/secure.todostreaming.es\/hls.min.js\"><\/script><script src=\"https:\/\/secure.todostreaming.es\/html5play.min.js\"><\/script><video id=\"video_x890\" controls width=\"600\" height=\"409\"><source id=\"src_x890\">Your browser does not support HTML5 video. We recommend using <a href=\"https:\/\/www.google.es\/chrome\/browser\/desktop\/\">Google Chrome<\/a><\/video><script>var url = \"https:\/\/limited14.todostreaming.es\/live\/salesianos-livestream.m3u8\";html5player(url, 0, \"video_x890\", \"src_x890\");<\/script>[\/et_pb_code][\/et_pb_column][et_pb_column type=\u00bb1_4&#8243; _builder_version=\u00bb4.16&#8243; background_position=\u00bbtop_left\u00bb custom_padding=\u00bb|||\u00bb global_colors_info=\u00bb{}\u00bb custom_padding__hover=\u00bb|||\u00bb][et_pb_image src=\u00bbhttps:\/\/cordoba.salesianos.edu\/pastoral\/wp-content\/uploads\/sites\/4\/2024\/01\/PEPS.png\u00bb _builder_version=\u00bb4.23.1&#8243; _module_preset=\u00bbdefault\u00bb title_text=\u00bbPEPS\u00bb hover_enabled=\u00bb0&#8243; sticky_enabled=\u00bb0&#8243; url=\u00bbhttps:\/\/cordoba.salesianos.edu\/pastoral\/wp-content\/uploads\/sites\/4\/2024\/01\/PEPS-2022-2025-cordoba.pdf\u00bb url_new_window=\u00bbon\u00bb][\/et_pb_image][et_pb_button button_url=\u00bbhttps:\/\/cordoba.salesianos.edu\/pastoral\/wp-content\/uploads\/sites\/4\/2024\/01\/PEPS-2022-2025-cordoba.pdf\u00bb url_new_window=\u00bbon\u00bb button_text=\u00bbPEPS\u00bb _builder_version=\u00bb4.23.1&#8243; _module_preset=\u00bbdefault\u00bb global_colors_info=\u00bb{}\u00bb][\/et_pb_button][\/et_pb_column][\/et_pb_row][et_pb_row custom_padding_last_edited=\u00bbon|phone\u00bb _builder_version=\u00bb4.16&#8243; background_size=\u00bbinitial\u00bb background_position=\u00bbtop_left\u00bb background_repeat=\u00bbrepeat\u00bb custom_padding=\u00bb30px|0px|25px|0px\u00bb custom_padding_tablet=\u00bb0px|||\u00bb custom_padding_phone=\u00bb0px|||\u00bb global_colors_info=\u00bb{}\u00bb][et_pb_column type=\u00bb4_4&#8243; _builder_version=\u00bb4.16&#8243; background_position=\u00bbtop_left\u00bb custom_padding=\u00bb|||\u00bb global_colors_info=\u00bb{}\u00bb custom_padding__hover=\u00bb|||\u00bb][et_pb_text admin_label=\u00bbSalesianos (Texto)\u00bb _builder_version=\u00bb4.16&#8243; text_font=\u00bbArial||||\u00bb text_text_color=\u00bb#636a70&#8243; text_font_size=\u00bb22&#8243; text_line_height=\u00bb1.6em\u00bb header_font=\u00bbArial||||\u00bb header_text_color=\u00bb#636a70&#8243; header_font_size=\u00bb46px\u00bb background_size=\u00bbinitial\u00bb background_position=\u00bbtop_left\u00bb background_repeat=\u00bbrepeat\u00bb global_colors_info=\u00bb{}\u00bb]<\/p>\n<p class=\"\"><strong>Salesianos<\/strong><strong><img loading=\"lazy\" decoding=\"async\" class=\"wp-image-1598 alignleft\" src=\"https:\/\/cordoba.salesianos.edu\/pastoral\/wp-content\/uploads\/sites\/4\/2021\/05\/enlaces_salesianos.png\" alt=\"\" width=\"29\" height=\"30\" \/><\/strong><\/p>\n<p>[\/et_pb_text][\/et_pb_column][\/et_pb_row][et_pb_row column_padding_mobile=\u00bbon\u00bb module_id=\u00bbportada-web-salesianas\u00bb module_class=\u00bbcinco-columnas et_pb_row_fullwidth\u00bb _builder_version=\u00bb4.16&#8243; background_size=\u00bbinitial\u00bb background_position=\u00bbtop_left\u00bb background_repeat=\u00bbrepeat\u00bb width=\u00bb94%\u00bb width_tablet=\u00bb80%\u00bb width_phone=\u00bb\u00bb width_last_edited=\u00bbon|desktop\u00bb max_width=\u00bb94%\u00bb max_width_tablet=\u00bb80%\u00bb max_width_phone=\u00bb\u00bb max_width_last_edited=\u00bbon|desktop\u00bb custom_margin=\u00bb|||\u00bb custom_padding=\u00bb0px|||\u00bb make_fullwidth=\u00bbon\u00bb global_colors_info=\u00bb{}\u00bb][et_pb_column type=\u00bb4_4&#8243; _builder_version=\u00bb4.16&#8243; background_position=\u00bbtop_left\u00bb custom_padding=\u00bb|||\u00bb global_colors_info=\u00bb{}\u00bb custom_padding__hover=\u00bb|||\u00bb][et_pb_blurb url=\u00bbhttp:\/\/sdb.org\/es\/\u00bb url_new_window=\u00bbon\u00bb image=\u00bbhttps:\/\/cordoba.salesianos.edu\/pastoral\/wp-content\/uploads\/sites\/4\/2021\/05\/01_SDBORG.png\u00bb alt=\u00bbSalesianos en el mundo\u00bb image_icon_width=\u00bbnone\u00bb admin_label=\u00bbSDB_org\u00bb _builder_version=\u00bb4.16&#8243; background_size=\u00bbinitial\u00bb background_position=\u00bbtop_left\u00bb background_repeat=\u00bbrepeat\u00bb text_orientation=\u00bbcenter\u00bb image_max_width=\u00bbnone\u00bb global_colors_info=\u00bb{}\u00bb]<\/p>\n<p>En el mundo<\/p>\n<p>[\/et_pb_blurb][et_pb_blurb url=\u00bbhttp:\/\/www.donbosco.es\u00bb url_new_window=\u00bbon\u00bb image=\u00bbhttps:\/\/cordoba.salesianos.edu\/pastoral\/wp-content\/uploads\/sites\/4\/2021\/05\/02_DBES.png\u00bb alt=\u00bbSalesianos en Espa\u00f1a\u00bb image_icon_width=\u00bbnone\u00bb admin_label=\u00bbDonBosco_ES\u00bb _builder_version=\u00bb4.16&#8243; background_size=\u00bbinitial\u00bb background_position=\u00bbtop_left\u00bb background_repeat=\u00bbrepeat\u00bb text_orientation=\u00bbcenter\u00bb image_max_width=\u00bbnone\u00bb global_colors_info=\u00bb{}\u00bb]<\/p>\n<p>En Espa\u00f1a<\/p>\n<p>[\/et_pb_blurb][et_pb_blurb url=\u00bbhttp:\/\/www.salesianos.edu\u00bb url_new_window=\u00bbon\u00bb image=\u00bbhttps:\/\/cordoba.salesianos.edu\/pastoral\/wp-content\/uploads\/sites\/4\/2021\/05\/03_smxedu.png\u00bb image_icon_width=\u00bbnone\u00bb admin_label=\u00bbInspector\u00eda\u00bb _builder_version=\u00bb4.16&#8243; background_size=\u00bbinitial\u00bb background_position=\u00bbtop_left\u00bb background_repeat=\u00bbrepeat\u00bb text_orientation=\u00bbcenter\u00bb image_max_width=\u00bbnone\u00bb global_colors_info=\u00bb{}\u00bb]<\/p>\n<p>En la Inspector\u00eda<\/p>\n<p>[\/et_pb_blurb][et_pb_blurb url=\u00bbhttp:\/\/www.infoans.org\/es\u00bb url_new_window=\u00bbon\u00bb image=\u00bbhttps:\/\/cordoba.salesianos.edu\/pastoral\/wp-content\/uploads\/sites\/4\/2021\/05\/04_ans.png\u00bb image_icon_width=\u00bbnone\u00bb admin_label=\u00bbANS_info\u00bb _builder_version=\u00bb4.16&#8243; background_size=\u00bbinitial\u00bb background_position=\u00bbtop_left\u00bb background_repeat=\u00bbrepeat\u00bb text_orientation=\u00bbcenter\u00bb image_max_width=\u00bbnone\u00bb global_colors_info=\u00bb{}\u00bb]<\/p>\n<p>Agencia noticias<\/p>\n<p>[\/et_pb_blurb][et_pb_blurb url=\u00bbhttp:\/\/boletin-salesiano.com\/\u00bb url_new_window=\u00bbon\u00bb image=\u00bbhttps:\/\/cordoba.salesianos.edu\/pastoral\/wp-content\/uploads\/sites\/4\/2021\/05\/05_boletins.png\u00bb image_icon_width=\u00bbnone\u00bb admin_label=\u00bbBoletinSalesiano\u00bb _builder_version=\u00bb4.16&#8243; background_size=\u00bbinitial\u00bb background_position=\u00bbtop_left\u00bb background_repeat=\u00bbrepeat\u00bb text_orientation=\u00bbcenter\u00bb image_max_width=\u00bbnone\u00bb global_colors_info=\u00bb{}\u00bb]<\/p>\n<p>Bolet\u00edn Salesiano<\/p>\n<p>[\/et_pb_blurb][\/et_pb_column][\/et_pb_row][et_pb_row disabled_on=\u00bbon|on|off\u00bb _builder_version=\u00bb4.16&#8243; global_colors_info=\u00bb{}\u00bb][et_pb_column type=\u00bb4_4&#8243; _builder_version=\u00bb4.16&#8243; custom_padding=\u00bb|||\u00bb global_colors_info=\u00bb{}\u00bb custom_padding__hover=\u00bb|||\u00bb][et_pb_divider show_divider=\u00bboff\u00bb disabled_on=\u00bbon|on|off\u00bb _builder_version=\u00bb4.16&#8243; global_colors_info=\u00bb{}\u00bb][\/et_pb_divider][\/et_pb_column][\/et_pb_row][\/et_pb_section]<\/p>\n","protected":false},"excerpt":{"rendered":"<p>Santuario OnlineSalesianos En el mundo En Espa\u00f1a En la Inspector\u00eda Agencia noticias Bolet\u00edn Salesiano<\/p>\n","protected":false},"author":1,"featured_media":0,"parent":0,"menu_order":0,"comment_status":"closed","ping_status":"closed","template":"","meta":{"_et_pb_use_builder":"on","_et_pb_old_content":"<p>This is an example page. It's different from a blog post because it will stay in one place and will show up in your site navigation (in most themes). Most people start with an About page that introduces them to potential site visitors. It might say something like this:<\/p><blockquote><p>Hi there! I'm a bike messenger by day, aspiring actor by night, and this is my website. I live in Los Angeles, have a great dog named Jack, and I like pi\u00f1a coladas. (And gettin' caught in the rain.)<\/p><\/blockquote><p>...or something like this:<\/p><blockquote><p>The XYZ Doohickey Company was founded in 1971, and has been providing quality doohickeys to the public ever since. Located in Gotham City, XYZ employs over 2,000 people and does all kinds of awesome things for the Gotham community.<\/p><\/blockquote><p>As a new WordPress user, you should go to <a href=\"https:\/\/cordoba.salesianos.edu\/pastoral\/wp-admin\/\">your dashboard<\/a> to delete this page and create new pages for your content. Have fun!<\/p>","_et_gb_content_width":"","footnotes":""},"class_list":["post-2","page","type-page","status-publish","hentry"],"yoast_head":"<!-- This site is optimized with the Yoast SEO plugin v27.3 - https:\/\/yoast.com\/product\/yoast-seo-wordpress\/ -->\n<title>Inicio - Pastoral<\/title>\n<meta name=\"robots\" content=\"index, follow, max-snippet:-1, max-image-preview:large, max-video-preview:-1\" \/>\n<link rel=\"canonical\" href=\"https:\/\/cordoba.salesianos.edu\/pastoral\/\" \/>\n<meta property=\"og:locale\" content=\"es_ES\" \/>\n<meta property=\"og:type\" content=\"article\" \/>\n<meta property=\"og:title\" content=\"Inicio - Pastoral\" \/>\n<meta property=\"og:description\" content=\"Santuario OnlineSalesianos En el mundo En Espa\u00f1a En la Inspector\u00eda Agencia noticias Bolet\u00edn Salesiano\" \/>\n<meta property=\"og:url\" content=\"https:\/\/cordoba.salesianos.edu\/pastoral\/\" \/>\n<meta property=\"og:site_name\" content=\"Pastoral\" \/>\n<meta property=\"article:modified_time\" content=\"2024-01-16T09:41:17+00:00\" \/>\n<meta property=\"og:image\" content=\"https:\/\/cordoba.salesianos.edu\/pastoral\/wp-content\/uploads\/sites\/4\/2021\/05\/destacados.png\" \/>\n<meta name=\"twitter:card\" content=\"summary_large_image\" \/>\n<meta name=\"twitter:label1\" content=\"Tiempo de lectura\" \/>\n\t<meta name=\"twitter:data1\" content=\"2 minutos\" \/>\n<script type=\"application\/ld+json\" class=\"yoast-schema-graph\">{\"@context\":\"https:\\\/\\\/schema.org\",\"@graph\":[{\"@type\":\"WebPage\",\"@id\":\"https:\\\/\\\/cordoba.salesianos.edu\\\/pastoral\\\/\",\"url\":\"https:\\\/\\\/cordoba.salesianos.edu\\\/pastoral\\\/\",\"name\":\"Inicio - Pastoral\",\"isPartOf\":{\"@id\":\"https:\\\/\\\/cordoba.salesianos.edu\\\/pastoral\\\/#website\"},\"primaryImageOfPage\":{\"@id\":\"https:\\\/\\\/cordoba.salesianos.edu\\\/pastoral\\\/#primaryimage\"},\"image\":{\"@id\":\"https:\\\/\\\/cordoba.salesianos.edu\\\/pastoral\\\/#primaryimage\"},\"thumbnailUrl\":\"https:\\\/\\\/cordoba.salesianos.edu\\\/pastoral\\\/wp-content\\\/uploads\\\/sites\\\/4\\\/2021\\\/05\\\/destacados.png\",\"datePublished\":\"2016-05-10T03:48:21+00:00\",\"dateModified\":\"2024-01-16T09:41:17+00:00\",\"breadcrumb\":{\"@id\":\"https:\\\/\\\/cordoba.salesianos.edu\\\/pastoral\\\/#breadcrumb\"},\"inLanguage\":\"es\",\"potentialAction\":[{\"@type\":\"ReadAction\",\"target\":[\"https:\\\/\\\/cordoba.salesianos.edu\\\/pastoral\\\/\"]}]},{\"@type\":\"ImageObject\",\"inLanguage\":\"es\",\"@id\":\"https:\\\/\\\/cordoba.salesianos.edu\\\/pastoral\\\/#primaryimage\",\"url\":\"\",\"contentUrl\":\"\"},{\"@type\":\"BreadcrumbList\",\"@id\":\"https:\\\/\\\/cordoba.salesianos.edu\\\/pastoral\\\/#breadcrumb\",\"itemListElement\":[{\"@type\":\"ListItem\",\"position\":1,\"name\":\"Portada\",\"item\":\"https:\\\/\\\/cordoba.salesianos.edu\\\/pastoral\\\/\"},{\"@type\":\"ListItem\",\"position\":2,\"name\":\"Inicio\"}]},{\"@type\":\"WebSite\",\"@id\":\"https:\\\/\\\/cordoba.salesianos.edu\\\/pastoral\\\/#website\",\"url\":\"https:\\\/\\\/cordoba.salesianos.edu\\\/pastoral\\\/\",\"name\":\"Pastoral\",\"description\":\"P\u00e1gina oficial Salesianos C\u00f3rdoba\",\"potentialAction\":[{\"@type\":\"SearchAction\",\"target\":{\"@type\":\"EntryPoint\",\"urlTemplate\":\"https:\\\/\\\/cordoba.salesianos.edu\\\/pastoral\\\/?s={search_term_string}\"},\"query-input\":{\"@type\":\"PropertyValueSpecification\",\"valueRequired\":true,\"valueName\":\"search_term_string\"}}],\"inLanguage\":\"es\"}]}<\/script>\n<!-- \/ Yoast SEO plugin. -->","yoast_head_json":{"title":"Inicio - Pastoral","robots":{"index":"index","follow":"follow","max-snippet":"max-snippet:-1","max-image-preview":"max-image-preview:large","max-video-preview":"max-video-preview:-1"},"canonical":"https:\/\/cordoba.salesianos.edu\/pastoral\/","og_locale":"es_ES","og_type":"article","og_title":"Inicio - Pastoral","og_description":"Santuario OnlineSalesianos En el mundo En Espa\u00f1a En la Inspector\u00eda Agencia noticias Bolet\u00edn Salesiano","og_url":"https:\/\/cordoba.salesianos.edu\/pastoral\/","og_site_name":"Pastoral","article_modified_time":"2024-01-16T09:41:17+00:00","og_image":[{"url":"https:\/\/cordoba.salesianos.edu\/pastoral\/wp-content\/uploads\/sites\/4\/2021\/05\/destacados.png","type":"","width":"","height":""}],"twitter_card":"summary_large_image","twitter_misc":{"Tiempo de lectura":"2 minutos"},"schema":{"@context":"https:\/\/schema.org","@graph":[{"@type":"WebPage","@id":"https:\/\/cordoba.salesianos.edu\/pastoral\/","url":"https:\/\/cordoba.salesianos.edu\/pastoral\/","name":"Inicio - Pastoral","isPartOf":{"@id":"https:\/\/cordoba.salesianos.edu\/pastoral\/#website"},"primaryImageOfPage":{"@id":"https:\/\/cordoba.salesianos.edu\/pastoral\/#primaryimage"},"image":{"@id":"https:\/\/cordoba.salesianos.edu\/pastoral\/#primaryimage"},"thumbnailUrl":"https:\/\/cordoba.salesianos.edu\/pastoral\/wp-content\/uploads\/sites\/4\/2021\/05\/destacados.png","datePublished":"2016-05-10T03:48:21+00:00","dateModified":"2024-01-16T09:41:17+00:00","breadcrumb":{"@id":"https:\/\/cordoba.salesianos.edu\/pastoral\/#breadcrumb"},"inLanguage":"es","potentialAction":[{"@type":"ReadAction","target":["https:\/\/cordoba.salesianos.edu\/pastoral\/"]}]},{"@type":"ImageObject","inLanguage":"es","@id":"https:\/\/cordoba.salesianos.edu\/pastoral\/#primaryimage","url":"","contentUrl":""},{"@type":"BreadcrumbList","@id":"https:\/\/cordoba.salesianos.edu\/pastoral\/#breadcrumb","itemListElement":[{"@type":"ListItem","position":1,"name":"Portada","item":"https:\/\/cordoba.salesianos.edu\/pastoral\/"},{"@type":"ListItem","position":2,"name":"Inicio"}]},{"@type":"WebSite","@id":"https:\/\/cordoba.salesianos.edu\/pastoral\/#website","url":"https:\/\/cordoba.salesianos.edu\/pastoral\/","name":"Pastoral","description":"P\u00e1gina oficial Salesianos C\u00f3rdoba","potentialAction":[{"@type":"SearchAction","target":{"@type":"EntryPoint","urlTemplate":"https:\/\/cordoba.salesianos.edu\/pastoral\/?s={search_term_string}"},"query-input":{"@type":"PropertyValueSpecification","valueRequired":true,"valueName":"search_term_string"}}],"inLanguage":"es"}]}},"_links":{"self":[{"href":"https:\/\/cordoba.salesianos.edu\/pastoral\/wp-json\/wp\/v2\/pages\/2","targetHints":{"allow":["GET"]}}],"collection":[{"href":"https:\/\/cordoba.salesianos.edu\/pastoral\/wp-json\/wp\/v2\/pages"}],"about":[{"href":"https:\/\/cordoba.salesianos.edu\/pastoral\/wp-json\/wp\/v2\/types\/page"}],"author":[{"embeddable":true,"href":"https:\/\/cordoba.salesianos.edu\/pastoral\/wp-json\/wp\/v2\/users\/1"}],"replies":[{"embeddable":true,"href":"https:\/\/cordoba.salesianos.edu\/pastoral\/wp-json\/wp\/v2\/comments?post=2"}],"version-history":[{"count":12,"href":"https:\/\/cordoba.salesianos.edu\/pastoral\/wp-json\/wp\/v2\/pages\/2\/revisions"}],"predecessor-version":[{"id":4821,"href":"https:\/\/cordoba.salesianos.edu\/pastoral\/wp-json\/wp\/v2\/pages\/2\/revisions\/4821"}],"wp:attachment":[{"href":"https:\/\/cordoba.salesianos.edu\/pastoral\/wp-json\/wp\/v2\/media?parent=2"}],"curies":[{"name":"wp","href":"https:\/\/api.w.org\/{rel}","templated":true}]}}