{"id":4696,"date":"2022-11-09T13:40:09","date_gmt":"2022-11-09T12:40:09","guid":{"rendered":"https:\/\/cordoba.salesianos.edu\/familiasalesiana\/?page_id=4696"},"modified":"2022-11-17T10:55:42","modified_gmt":"2022-11-17T09:55:42","slug":"adma","status":"publish","type":"page","link":"https:\/\/cordoba.salesianos.edu\/familiasalesiana\/adma\/","title":{"rendered":"ADMA"},"content":{"rendered":"<p>[et_pb_section fb_built=\u00bb1&#8243; fullwidth=\u00bbon\u00bb _builder_version=\u00bb4.16&#8243; global_colors_info=\u00bb{}\u00bb][et_pb_fullwidth_header title=\u00bbAsociaci\u00f3n Mar\u00eda Auxiliadora\u00bb module_class=\u00bbpagina-imagen-cabecera\u00bb _builder_version=\u00bb4.16&#8243; background_color=\u00bbrgba(255, 255, 255, 0)\u00bb background_image=\u00bbhttps:\/\/cordoba.salesianos.edu\/familiasalesiana\/wp-content\/uploads\/sites\/6\/2022\/11\/2017-02-04-168.jpg\u00bb background_position=\u00bbtop_right\u00bb background_layout=\u00bblight\u00bb max_width_tablet=\u00bb50px\u00bb button_one_letter_spacing_hover=\u00bb0&#8243; button_two_letter_spacing_hover=\u00bb0&#8243; global_colors_info=\u00bb{}\u00bb button_one_text_size__hover_enabled=\u00bboff\u00bb button_two_text_size__hover_enabled=\u00bboff\u00bb button_one_text_color__hover_enabled=\u00bboff\u00bb button_two_text_color__hover_enabled=\u00bboff\u00bb button_one_border_width__hover_enabled=\u00bboff\u00bb button_two_border_width__hover_enabled=\u00bboff\u00bb button_one_border_color__hover_enabled=\u00bboff\u00bb button_two_border_color__hover_enabled=\u00bboff\u00bb button_one_border_radius__hover_enabled=\u00bboff\u00bb button_two_border_radius__hover_enabled=\u00bboff\u00bb button_one_letter_spacing__hover_enabled=\u00bbon\u00bb button_one_letter_spacing__hover=\u00bb0&#8243; button_two_letter_spacing__hover_enabled=\u00bbon\u00bb button_two_letter_spacing__hover=\u00bb0&#8243; button_one_bg_color__hover_enabled=\u00bboff\u00bb button_two_bg_color__hover_enabled=\u00bboff\u00bb][\/et_pb_fullwidth_header][\/et_pb_section][et_pb_section fb_built=\u00bb1&#8243; admin_label=\u00bbsection\u00bb _builder_version=\u00bb4.16&#8243; global_colors_info=\u00bb{}\u00bb][et_pb_row column_structure=\u00bb1_4,3_4&#8243; _builder_version=\u00bb4.16&#8243; custom_margin=\u00bb25px|||\u00bb custom_padding=\u00bb25px|||\u00bb global_colors_info=\u00bb{}\u00bb][et_pb_column type=\u00bb1_4&#8243; _builder_version=\u00bb4.16&#8243; custom_padding=\u00bb|||\u00bb global_colors_info=\u00bb{}\u00bb custom_padding__hover=\u00bb|||\u00bb][et_pb_image src=\u00bbhttps:\/\/cordoba.salesianos.edu\/familiasalesiana\/wp-content\/uploads\/sites\/6\/2022\/11\/logoSalesianosWeb.png\u00bb alt=\u00bbLogo de los Salesianos\u00bb title_text=\u00bbLogo de los Salesianos\u00bb align=\u00bbcenter\u00bb align_tablet=\u00bbcenter\u00bb align_phone=\u00bb\u00bb align_last_edited=\u00bbon|desktop\u00bb _builder_version=\u00bb4.16&#8243; max_width=\u00bb130px\u00bb animation_style=\u00bbslide\u00bb animation_direction=\u00bbright\u00bb animation_duration=\u00bb500ms\u00bb animation_intensity_slide=\u00bb10%\u00bb animation=\u00bbright\u00bb border_style=\u00bbsolid\u00bb always_center_on_mobile=\u00bbon\u00bb global_colors_info=\u00bb{}\u00bb][\/et_pb_image][\/et_pb_column][et_pb_column type=\u00bb3_4&#8243; _builder_version=\u00bb4.16&#8243; custom_padding=\u00bb|||\u00bb global_colors_info=\u00bb{}\u00bb custom_padding__hover=\u00bb|||\u00bb][et_pb_text _builder_version=\u00bb4.16&#8243; border_style=\u00bbsolid\u00bb global_colors_info=\u00bb{}\u00bb]<\/p>\n<h1>\u00bfQu\u00e9 es la Asociaci\u00f3n de Mar\u00eda Auxiliadora?<\/h1>\n<p>[\/et_pb_text][et_pb_text _builder_version=\u00bb4.16&#8243; border_style=\u00bbsolid\u00bb global_colors_info=\u00bb{}\u00bb]La asociaci\u00f3n de Mar\u00eda Auxiliadora, es una asociaci\u00f3n fundada por Don Bosco en 1869 y perteneciente a la rama de la Familia Salesiana. Es una asociaci\u00f3n laical\u00a0que vive y propaga el culto a Jes\u00fas eucar\u00edstico y debe su devoci\u00f3n a la Auxiliadora, seg\u00fan el esp\u00edritu de D.Bosco.<br \/>\n[\/et_pb_text][\/et_pb_column][\/et_pb_row][et_pb_row _builder_version=\u00bb4.16&#8243; global_colors_info=\u00bb{}\u00bb][et_pb_column type=\u00bb4_4&#8243; _builder_version=\u00bb4.16&#8243; custom_padding=\u00bb|||\u00bb global_colors_info=\u00bb{}\u00bb custom_padding__hover=\u00bb|||\u00bb][et_pb_tabs _builder_version=\u00bb4.16&#8243; tab_font=\u00bbAmatic SC||||\u00bb tab_font_size=\u00bb24px\u00bb border_style=\u00bbsolid\u00bb global_colors_info=\u00bb{}\u00bb][et_pb_tab title=\u00bbHistoria\u00bb _builder_version=\u00bb4.16&#8243; body_font=\u00bb||||\u00bb body_text_align=\u00bbjustify\u00bb tab_font=\u00bb||||\u00bb global_colors_info=\u00bb{}\u00bb]<\/p>\n<h2>Nuestra historia&#8230;<\/h2>\n<p>La Asociacion de Mar\u00eda Auxiliadora, es una asociaci\u00f3n fundada por Don Bosco en 1869 y perteneciente a la rama de la Familia Salesiana. Es una asociaci\u00f3n laical, con un itinerario de formaci\u00f3n, de santificaci\u00f3n y de apostolado salesiano donde se realiza un camino compartido de defensa, de formaci\u00f3n, y de testimonio de la fe cat\u00f3lica. Es un grupo que vive y propaga el culto a Jes\u00fas eucar\u00edstico. Esta a asociaci\u00f3n debe su devoci\u00f3n a la Auxiliadora, seg\u00fan el esp\u00edritu de D.Bosco.<\/p>\n<p>La Asociaci\u00f3n de Mar\u00eda Auxiliadora tiene como finalidad primera promover la devoci\u00f3n a la Virgen viviendo con esp\u00edritu evang\u00e9lico y seg\u00fan el modelo de Don Bosco. En 1913 nace esta Asociaci\u00f3n en C\u00f3rdoba. Desde su creaci\u00f3n, ha contado con un n\u00famero importante de asociados. En la actualidad cuenta con 200 socios y hay m\u00e1s de 40 Capillitas de M\u00aaAuxiliadora recorriendo las casas de nuestra ciudad.\u00a0<\/p>\n<p>&nbsp;<\/p>\n<p>[\/et_pb_tab][et_pb_tab title=\u00bbEn la actualidad\u00bb _builder_version=\u00bb4.16&#8243; body_font=\u00bb||||\u00bb tab_font=\u00bb||||\u00bb global_colors_info=\u00bb{}\u00bb]<\/p>\n<h1>En la actualidad&#8230;<\/h1>\n<p style=\"text-align: justify;\">Desde 2017 el Animador Espiritual, Consiliario-Delegado, es el salesiano Don Jos\u00e9 Antonio Perdigones y la presidenta D\u00f1a. \u00c1ngela Garc\u00eda. La Junta se re\u00fane dos veces al mes para su formaci\u00f3n y preparaci\u00f3n de los principales eventos. Colaboramos econ\u00f3micamente con Misiones de Mal\u00ed, C\u00e1ritas de Cabezo de Torres, Fundaci\u00f3n \u201c\u00c1ngel Tom\u00e1s\u201d, Jes\u00fas Abandonado de Murcia entre otros. Participamos en todas las celebraciones que se organizan en la casa de Cabezo de Torres y especialmente en las de los d\u00edas 24 de cada mes y en todas las del mes de mayo. Asistimos puntualmente a todas las reuniones de Juntas y Concentraciones de ADMA que se organizan en nuestra Inspector\u00eda y publicamos mensualmente una hoja de animaci\u00f3n pastoral.<\/p>\n<p>[\/et_pb_tab][et_pb_tab title=\u00bbObjetivos\u00bb _builder_version=\u00bb4.16&#8243; body_font=\u00bb||||\u00bb tab_font=\u00bb||||\u00bb global_colors_info=\u00bb{}\u00bb]<\/p>\n<h2>Objetivos :<\/h2>\n<ul>\n<li>Potenciar el culto eucar\u00edstico y mariano entre los asociados, y los dem\u00e1s grupos de la Casa Salesiana.<\/li>\n<li>Cuidar la formaci\u00f3n espiritual y apost\u00f3lica de los asociados.<\/li>\n<li>Llevar adelante la acci\u00f3n social y caritativa, en favor de las personas m\u00e1s necesitadas.<\/li>\n<li>Vivir la comuni\u00f3n en la Asociaci\u00f3n, con los grupos de la Familia Salesiana y otros grupos eclesiales.<\/li>\n<\/ul>\n<ul><\/ul>\n<p>[\/et_pb_tab][et_pb_tab title=\u00bbProgramaci\u00f3n Anual\u00bb _builder_version=\u00bb4.16&#8243; body_font=\u00bb||||\u00bb tab_font=\u00bb||||\u00bb global_colors_info=\u00bb{}\u00bb][\/et_pb_tab][et_pb_tab title=\u00bbContacto\u00bb _builder_version=\u00bb4.16&#8243; body_font=\u00bb||||\u00bb tab_font=\u00bb||||\u00bb global_colors_info=\u00bb{}\u00bb]<\/p>\n<p class=\"paginaContacto\"><strong>Asociaci\u00f3n de Mar\u00eda Auxiliadora<\/strong><\/p>\n<p class=\"paginaContacto\"><em>C\/ Mar\u00eda Auxiliadora, 8<\/em><br \/><em>14007 (C\u00f3rdoba)<\/em><\/p>\n<p class=\"paginaContacto\"><strong>e-email: adma.cordoba@salesianos.edu<\/strong><\/p>\n<p>[\/et_pb_tab][\/et_pb_tabs][\/et_pb_column][\/et_pb_row][\/et_pb_section]<\/p>\n","protected":false},"excerpt":{"rendered":"<p>\u00bfQu\u00e9 es la Asociaci\u00f3n de Mar\u00eda Auxiliadora? La asociaci\u00f3n de Mar\u00eda Auxiliadora, es una asociaci\u00f3n fundada por Don Bosco en 1869 y perteneciente a la rama de la Familia Salesiana. Es una asociaci\u00f3n laical\u00a0que vive y propaga el culto a Jes\u00fas eucar\u00edstico y debe su devoci\u00f3n a la Auxiliadora, seg\u00fan el esp\u00edritu de D.Bosco. Nuestra [&hellip;]<\/p>\n","protected":false},"author":3,"featured_media":0,"parent":0,"menu_order":0,"comment_status":"closed","ping_status":"closed","template":"","meta":{"_et_pb_use_builder":"on","_et_pb_old_content":"","_et_gb_content_width":"","footnotes":""},"class_list":["post-4696","page","type-page","status-publish","hentry"],"yoast_head":"<!-- This site is optimized with the Yoast SEO plugin v27.3 - https:\/\/yoast.com\/product\/yoast-seo-wordpress\/ -->\n<title>ADMA - Familia Salesiana<\/title>\n<meta name=\"robots\" content=\"index, follow, max-snippet:-1, max-image-preview:large, max-video-preview:-1\" \/>\n<link rel=\"canonical\" href=\"https:\/\/cordoba.salesianos.edu\/familiasalesiana\/adma\/\" \/>\n<meta property=\"og:locale\" content=\"es_ES\" \/>\n<meta property=\"og:type\" content=\"article\" \/>\n<meta property=\"og:title\" content=\"ADMA - Familia Salesiana\" \/>\n<meta property=\"og:description\" content=\"\u00bfQu\u00e9 es la Asociaci\u00f3n de Mar\u00eda Auxiliadora? La asociaci\u00f3n de Mar\u00eda Auxiliadora, es una asociaci\u00f3n fundada por Don Bosco en 1869 y perteneciente a la rama de la Familia Salesiana. Es una asociaci\u00f3n laical\u00a0que vive y propaga el culto a Jes\u00fas eucar\u00edstico y debe su devoci\u00f3n a la Auxiliadora, seg\u00fan el esp\u00edritu de D.Bosco. Nuestra [&hellip;]\" \/>\n<meta property=\"og:url\" content=\"https:\/\/cordoba.salesianos.edu\/familiasalesiana\/adma\/\" \/>\n<meta property=\"og:site_name\" content=\"Familia Salesiana\" \/>\n<meta property=\"article:modified_time\" content=\"2022-11-17T09:55:42+00:00\" \/>\n<meta name=\"twitter:card\" content=\"summary_large_image\" \/>\n<meta name=\"twitter:label1\" content=\"Tiempo de lectura\" \/>\n\t<meta name=\"twitter:data1\" content=\"3 minutos\" \/>\n<script type=\"application\/ld+json\" class=\"yoast-schema-graph\">{\"@context\":\"https:\\\/\\\/schema.org\",\"@graph\":[{\"@type\":\"WebPage\",\"@id\":\"https:\\\/\\\/cordoba.salesianos.edu\\\/familiasalesiana\\\/adma\\\/\",\"url\":\"https:\\\/\\\/cordoba.salesianos.edu\\\/familiasalesiana\\\/adma\\\/\",\"name\":\"ADMA - Familia Salesiana\",\"isPartOf\":{\"@id\":\"https:\\\/\\\/cordoba.salesianos.edu\\\/familiasalesiana\\\/#website\"},\"datePublished\":\"2022-11-09T12:40:09+00:00\",\"dateModified\":\"2022-11-17T09:55:42+00:00\",\"breadcrumb\":{\"@id\":\"https:\\\/\\\/cordoba.salesianos.edu\\\/familiasalesiana\\\/adma\\\/#breadcrumb\"},\"inLanguage\":\"es\",\"potentialAction\":[{\"@type\":\"ReadAction\",\"target\":[\"https:\\\/\\\/cordoba.salesianos.edu\\\/familiasalesiana\\\/adma\\\/\"]}]},{\"@type\":\"BreadcrumbList\",\"@id\":\"https:\\\/\\\/cordoba.salesianos.edu\\\/familiasalesiana\\\/adma\\\/#breadcrumb\",\"itemListElement\":[{\"@type\":\"ListItem\",\"position\":1,\"name\":\"Portada\",\"item\":\"https:\\\/\\\/cordoba.salesianos.edu\\\/familiasalesiana\\\/\"},{\"@type\":\"ListItem\",\"position\":2,\"name\":\"ADMA\"}]},{\"@type\":\"WebSite\",\"@id\":\"https:\\\/\\\/cordoba.salesianos.edu\\\/familiasalesiana\\\/#website\",\"url\":\"https:\\\/\\\/cordoba.salesianos.edu\\\/familiasalesiana\\\/\",\"name\":\"Familia Salesiana\",\"description\":\"P\u00e1gina oficial Salesianos C\u00f3rdoba\",\"potentialAction\":[{\"@type\":\"SearchAction\",\"target\":{\"@type\":\"EntryPoint\",\"urlTemplate\":\"https:\\\/\\\/cordoba.salesianos.edu\\\/familiasalesiana\\\/?s={search_term_string}\"},\"query-input\":{\"@type\":\"PropertyValueSpecification\",\"valueRequired\":true,\"valueName\":\"search_term_string\"}}],\"inLanguage\":\"es\"}]}<\/script>\n<!-- \/ Yoast SEO plugin. -->","yoast_head_json":{"title":"ADMA - Familia Salesiana","robots":{"index":"index","follow":"follow","max-snippet":"max-snippet:-1","max-image-preview":"max-image-preview:large","max-video-preview":"max-video-preview:-1"},"canonical":"https:\/\/cordoba.salesianos.edu\/familiasalesiana\/adma\/","og_locale":"es_ES","og_type":"article","og_title":"ADMA - Familia Salesiana","og_description":"\u00bfQu\u00e9 es la Asociaci\u00f3n de Mar\u00eda Auxiliadora? La asociaci\u00f3n de Mar\u00eda Auxiliadora, es una asociaci\u00f3n fundada por Don Bosco en 1869 y perteneciente a la rama de la Familia Salesiana. Es una asociaci\u00f3n laical\u00a0que vive y propaga el culto a Jes\u00fas eucar\u00edstico y debe su devoci\u00f3n a la Auxiliadora, seg\u00fan el esp\u00edritu de D.Bosco. Nuestra [&hellip;]","og_url":"https:\/\/cordoba.salesianos.edu\/familiasalesiana\/adma\/","og_site_name":"Familia Salesiana","article_modified_time":"2022-11-17T09:55:42+00:00","twitter_card":"summary_large_image","twitter_misc":{"Tiempo de lectura":"3 minutos"},"schema":{"@context":"https:\/\/schema.org","@graph":[{"@type":"WebPage","@id":"https:\/\/cordoba.salesianos.edu\/familiasalesiana\/adma\/","url":"https:\/\/cordoba.salesianos.edu\/familiasalesiana\/adma\/","name":"ADMA - Familia Salesiana","isPartOf":{"@id":"https:\/\/cordoba.salesianos.edu\/familiasalesiana\/#website"},"datePublished":"2022-11-09T12:40:09+00:00","dateModified":"2022-11-17T09:55:42+00:00","breadcrumb":{"@id":"https:\/\/cordoba.salesianos.edu\/familiasalesiana\/adma\/#breadcrumb"},"inLanguage":"es","potentialAction":[{"@type":"ReadAction","target":["https:\/\/cordoba.salesianos.edu\/familiasalesiana\/adma\/"]}]},{"@type":"BreadcrumbList","@id":"https:\/\/cordoba.salesianos.edu\/familiasalesiana\/adma\/#breadcrumb","itemListElement":[{"@type":"ListItem","position":1,"name":"Portada","item":"https:\/\/cordoba.salesianos.edu\/familiasalesiana\/"},{"@type":"ListItem","position":2,"name":"ADMA"}]},{"@type":"WebSite","@id":"https:\/\/cordoba.salesianos.edu\/familiasalesiana\/#website","url":"https:\/\/cordoba.salesianos.edu\/familiasalesiana\/","name":"Familia Salesiana","description":"P\u00e1gina oficial Salesianos C\u00f3rdoba","potentialAction":[{"@type":"SearchAction","target":{"@type":"EntryPoint","urlTemplate":"https:\/\/cordoba.salesianos.edu\/familiasalesiana\/?s={search_term_string}"},"query-input":{"@type":"PropertyValueSpecification","valueRequired":true,"valueName":"search_term_string"}}],"inLanguage":"es"}]}},"_links":{"self":[{"href":"https:\/\/cordoba.salesianos.edu\/familiasalesiana\/wp-json\/wp\/v2\/pages\/4696","targetHints":{"allow":["GET"]}}],"collection":[{"href":"https:\/\/cordoba.salesianos.edu\/familiasalesiana\/wp-json\/wp\/v2\/pages"}],"about":[{"href":"https:\/\/cordoba.salesianos.edu\/familiasalesiana\/wp-json\/wp\/v2\/types\/page"}],"author":[{"embeddable":true,"href":"https:\/\/cordoba.salesianos.edu\/familiasalesiana\/wp-json\/wp\/v2\/users\/3"}],"replies":[{"embeddable":true,"href":"https:\/\/cordoba.salesianos.edu\/familiasalesiana\/wp-json\/wp\/v2\/comments?post=4696"}],"version-history":[{"count":4,"href":"https:\/\/cordoba.salesianos.edu\/familiasalesiana\/wp-json\/wp\/v2\/pages\/4696\/revisions"}],"predecessor-version":[{"id":4751,"href":"https:\/\/cordoba.salesianos.edu\/familiasalesiana\/wp-json\/wp\/v2\/pages\/4696\/revisions\/4751"}],"wp:attachment":[{"href":"https:\/\/cordoba.salesianos.edu\/familiasalesiana\/wp-json\/wp\/v2\/media?parent=4696"}],"curies":[{"name":"wp","href":"https:\/\/api.w.org\/{rel}","templated":true}]}}