{"id":9490,"date":"2026-02-17T12:09:18","date_gmt":"2026-02-17T11:09:18","guid":{"rendered":"https:\/\/cordoba.salesianos.edu\/colegio\/?page_id=9490"},"modified":"2026-03-01T10:30:28","modified_gmt":"2026-03-01T09:30:28","slug":"erasmus","status":"publish","type":"page","link":"https:\/\/cordoba.salesianos.edu\/colegio\/ciclos-formativos\/erasmus\/","title":{"rendered":"Erasmus+"},"content":{"rendered":"<p>[et_pb_section fb_built=\u00bb1&#8243; _builder_version=\u00bb4.16&#8243; _module_preset=\u00bbdefault\u00bb background_image=\u00bbhttps:\/\/cordoba.salesianos.edu\/colegio\/wp-content\/uploads\/sites\/2\/2020\/10\/encabezado_noticias_casa-min.png\u00bb custom_padding=\u00bb||0px|||\u00bb global_colors_info=\u00bb{}\u00bb][et_pb_row column_structure=\u00bb1_2,1_2&#8243; _builder_version=\u00bb4.16&#8243; _module_preset=\u00bbdefault\u00bb global_colors_info=\u00bb{}\u00bb][et_pb_column type=\u00bb1_2&#8243; _builder_version=\u00bb4.16&#8243; _module_preset=\u00bbdefault\u00bb global_colors_info=\u00bb{}\u00bb][et_pb_text _builder_version=\u00bb4.27.4&#8243; _module_preset=\u00bbdefault\u00bb header_text_align=\u00bbright\u00bb header_text_color=\u00bb#FFFFFF\u00bb header_font_size=\u00bb60px\u00bb custom_padding=\u00bb||||false|false\u00bb global_colors_info=\u00bb{}\u00bb]<\/p>\n<h1 style=\"text-align: center;\">Erasmus +<\/h1>\n<p>[\/et_pb_text][et_pb_video src=\u00bbhttps:\/\/youtu.be\/cgZ_un-32lk\u00bb disabled_on=\u00bboff|off|off\u00bb _builder_version=\u00bb4.27.4&#8243; _module_preset=\u00bbdefault\u00bb width=\u00bb87.9%\u00bb global_colors_info=\u00bb{}\u00bb][\/et_pb_video][\/et_pb_column][et_pb_column type=\u00bb1_2&#8243; _builder_version=\u00bb4.16&#8243; _module_preset=\u00bbdefault\u00bb background_color=\u00bb#e2e2e2&#8243; custom_padding=\u00bb10px|10px|10px|10px|false|false\u00bb border_radii=\u00bbon|5px|5px|5px|5px\u00bb global_colors_info=\u00bb{}\u00bb][et_pb_text admin_label=\u00bbEl nostre repte\u00bb _builder_version=\u00bb4.27.4&#8243; text_font=\u00bb|300|||||||\u00bb text_text_color=\u00bb#e02b20&#8243; text_font_size=\u00bb29px\u00bb header_2_font=\u00bbLato|300|||||||\u00bb header_2_font_size=\u00bb32px\u00bb custom_margin=\u00bb|||\u00bb custom_padding=\u00bb||15px|\u00bb global_colors_info=\u00bb{}\u00bb]<\/p>\n<h2 style=\"text-align: center;\">Solicita informaci\u00f3n<\/h2>\n<p>[\/et_pb_text][et_pb_contact_form captcha=\u00bboff\u00bb email=\u00bberasmusfp.cordoba@salesianos.edu\u00bb custom_message=\u00bbNUEVO FORMULARIO DE CONTACTO DE ERASMUS+||et_pb_line_break_holder||Nombre y apellidos: %%Nombre%%||et_pb_line_break_holder||Tel\u00e9fono: %%Tel\u00e9fono%%||et_pb_line_break_holder||E-mail: %%Email%%||et_pb_line_break_holder||Motivo de la consulta: %%Mensaje%%||et_pb_line_break_holder||Pol\u00edtica de privacidad (Haz clic aqu\u00ed per verla): %%Privacidad%%\u00bb success_message=\u00bbTu solicitud se ha enviado correctamente. En breve nos pondremos en contacto con usted.Muchas gracias\u00bb submit_button_text=\u00bbEnviar\u00bb module_id=\u00bbet_pb_contact_form_0&#8243; _builder_version=\u00bb4.27.4&#8243; _unique_id=\u00bb5c547c59-74e4-4191-8f9e-ad7a9c95c24d\u00bb custom_button=\u00bbon\u00bb button_text_color=\u00bb#ffffff\u00bb button_bg_color=\u00bb#e02b20&#8243; button_border_color=\u00bb#e02b20&#8243; button_icon_placement=\u00bbleft\u00bb button_custom_padding=\u00bb|27px||27px|false|false\u00bb width=\u00bb85%\u00bb max_width=\u00bb85%\u00bb module_alignment=\u00bbcenter\u00bb custom_padding=\u00bb||||false|false\u00bb locked=\u00bboff\u00bb global_colors_info=\u00bb{}\u00bb][et_pb_contact_field field_id=\u00bbNombre\u00bb field_title=\u00bbNombre y apellidos\u00bb fullwidth_field=\u00bbon\u00bb _builder_version=\u00bb4.16&#8243; global_colors_info=\u00bb{}\u00bb button_text_size__hover_enabled=\u00bboff\u00bb button_one_text_size__hover_enabled=\u00bboff\u00bb button_two_text_size__hover_enabled=\u00bboff\u00bb button_text_color__hover_enabled=\u00bboff\u00bb button_one_text_color__hover_enabled=\u00bboff\u00bb button_two_text_color__hover_enabled=\u00bboff\u00bb button_border_width__hover_enabled=\u00bboff\u00bb button_one_border_width__hover_enabled=\u00bboff\u00bb button_two_border_width__hover_enabled=\u00bboff\u00bb button_border_color__hover_enabled=\u00bboff\u00bb button_one_border_color__hover_enabled=\u00bboff\u00bb button_two_border_color__hover_enabled=\u00bboff\u00bb button_border_radius__hover_enabled=\u00bboff\u00bb button_one_border_radius__hover_enabled=\u00bboff\u00bb button_two_border_radius__hover_enabled=\u00bboff\u00bb button_letter_spacing__hover_enabled=\u00bboff\u00bb button_one_letter_spacing__hover_enabled=\u00bboff\u00bb button_two_letter_spacing__hover_enabled=\u00bboff\u00bb button_bg_color__hover_enabled=\u00bboff\u00bb button_one_bg_color__hover_enabled=\u00bboff\u00bb button_two_bg_color__hover_enabled=\u00bboff\u00bb][\/et_pb_contact_field][et_pb_contact_field field_id=\u00bbEmail\u00bb field_title=\u00bbE-mail\u00bb field_type=\u00bbemail\u00bb fullwidth_field=\u00bbon\u00bb _builder_version=\u00bb4.16&#8243; global_colors_info=\u00bb{}\u00bb button_text_size__hover_enabled=\u00bboff\u00bb button_one_text_size__hover_enabled=\u00bboff\u00bb button_two_text_size__hover_enabled=\u00bboff\u00bb button_text_color__hover_enabled=\u00bboff\u00bb button_one_text_color__hover_enabled=\u00bboff\u00bb button_two_text_color__hover_enabled=\u00bboff\u00bb button_border_width__hover_enabled=\u00bboff\u00bb button_one_border_width__hover_enabled=\u00bboff\u00bb button_two_border_width__hover_enabled=\u00bboff\u00bb button_border_color__hover_enabled=\u00bboff\u00bb button_one_border_color__hover_enabled=\u00bboff\u00bb button_two_border_color__hover_enabled=\u00bboff\u00bb button_border_radius__hover_enabled=\u00bboff\u00bb button_one_border_radius__hover_enabled=\u00bboff\u00bb button_two_border_radius__hover_enabled=\u00bboff\u00bb button_letter_spacing__hover_enabled=\u00bboff\u00bb button_one_letter_spacing__hover_enabled=\u00bboff\u00bb button_two_letter_spacing__hover_enabled=\u00bboff\u00bb button_bg_color__hover_enabled=\u00bboff\u00bb button_one_bg_color__hover_enabled=\u00bboff\u00bb button_two_bg_color__hover_enabled=\u00bboff\u00bb][\/et_pb_contact_field][et_pb_contact_field field_id=\u00bbTel\u00e9fono\u00bb field_title=\u00bbTel\u00e9fono\u00bb fullwidth_field=\u00bbon\u00bb _builder_version=\u00bb4.16&#8243; global_colors_info=\u00bb{}\u00bb button_text_size__hover_enabled=\u00bboff\u00bb button_one_text_size__hover_enabled=\u00bboff\u00bb button_two_text_size__hover_enabled=\u00bboff\u00bb button_text_color__hover_enabled=\u00bboff\u00bb button_one_text_color__hover_enabled=\u00bboff\u00bb button_two_text_color__hover_enabled=\u00bboff\u00bb button_border_width__hover_enabled=\u00bboff\u00bb button_one_border_width__hover_enabled=\u00bboff\u00bb button_two_border_width__hover_enabled=\u00bboff\u00bb button_border_color__hover_enabled=\u00bboff\u00bb button_one_border_color__hover_enabled=\u00bboff\u00bb button_two_border_color__hover_enabled=\u00bboff\u00bb button_border_radius__hover_enabled=\u00bboff\u00bb button_one_border_radius__hover_enabled=\u00bboff\u00bb button_two_border_radius__hover_enabled=\u00bboff\u00bb button_letter_spacing__hover_enabled=\u00bboff\u00bb button_one_letter_spacing__hover_enabled=\u00bboff\u00bb button_two_letter_spacing__hover_enabled=\u00bboff\u00bb button_bg_color__hover_enabled=\u00bboff\u00bb button_one_bg_color__hover_enabled=\u00bboff\u00bb button_two_bg_color__hover_enabled=\u00bboff\u00bb][\/et_pb_contact_field][et_pb_contact_field field_id=\u00bbMensaje\u00bb field_title=\u00bbEscribe el motivo de tu consulta\u00bb fullwidth_field=\u00bbon\u00bb _builder_version=\u00bb4.16&#8243; global_colors_info=\u00bb{}\u00bb button_text_size__hover_enabled=\u00bboff\u00bb button_one_text_size__hover_enabled=\u00bboff\u00bb button_two_text_size__hover_enabled=\u00bboff\u00bb button_text_color__hover_enabled=\u00bboff\u00bb button_one_text_color__hover_enabled=\u00bboff\u00bb button_two_text_color__hover_enabled=\u00bboff\u00bb button_border_width__hover_enabled=\u00bboff\u00bb button_one_border_width__hover_enabled=\u00bboff\u00bb button_two_border_width__hover_enabled=\u00bboff\u00bb button_border_color__hover_enabled=\u00bboff\u00bb button_one_border_color__hover_enabled=\u00bboff\u00bb button_two_border_color__hover_enabled=\u00bboff\u00bb button_border_radius__hover_enabled=\u00bboff\u00bb button_one_border_radius__hover_enabled=\u00bboff\u00bb button_two_border_radius__hover_enabled=\u00bboff\u00bb button_letter_spacing__hover_enabled=\u00bboff\u00bb button_one_letter_spacing__hover_enabled=\u00bboff\u00bb button_two_letter_spacing__hover_enabled=\u00bboff\u00bb button_bg_color__hover_enabled=\u00bboff\u00bb button_one_bg_color__hover_enabled=\u00bboff\u00bb button_two_bg_color__hover_enabled=\u00bboff\u00bb][\/et_pb_contact_field][et_pb_contact_field field_id=\u00bbPrivacidad\u00bb field_title=\u00bbPol\u00edtica de privacidad (haz click aqu\u00ed para verla)\u00bb field_type=\u00bbcheckbox\u00bb checkbox_options=\u00bb%91{%22value%22:%22Acepto la pol\u00edtica de privacidad %22,%22checked%22:0,%22dragID%22:-1,%22link_url%22:%22%22,%22link_text%22:%22%22}%93&#8243; fullwidth_field=\u00bbon\u00bb _builder_version=\u00bb4.16&#8243; link_option_url=\u00bbhttps:\/\/cordoba.salesianos.edu\/colegio\/privacidad\/\u00bb global_colors_info=\u00bb{}\u00bb][\/et_pb_contact_field][\/et_pb_contact_form][\/et_pb_column][\/et_pb_row][\/et_pb_section][et_pb_section fb_built=\u00bb1&#8243; _builder_version=\u00bb4.16&#8243; use_background_color_gradient=\u00bbon\u00bb background_color_gradient_stops=\u00bb#ffffff 0%|#efefef 100%\u00bb background_color_gradient_start=\u00bb#ffffff\u00bb background_color_gradient_end=\u00bb#efefef\u00bb bottom_divider_style=\u00bbwave2&#8243; bottom_divider_color=\u00bb#ffffff\u00bb bottom_divider_height=\u00bb50px\u00bb locked=\u00bboff\u00bb global_colors_info=\u00bb{}\u00bb][et_pb_row _builder_version=\u00bb4.16&#8243; locked=\u00bboff\u00bb global_colors_info=\u00bb{}\u00bb][et_pb_column type=\u00bb4_4&#8243; _builder_version=\u00bb4.16&#8243; custom_padding=\u00bb|||\u00bb global_colors_info=\u00bb{}\u00bb custom_padding__hover=\u00bb|||\u00bb][et_pb_text admin_label=\u00bbQu\u00e8 aprendr\u00e0s?\u00bb _builder_version=\u00bb4.16&#8243; text_font=\u00bb|300|||||||\u00bb text_text_color=\u00bb#e02b20&#8243; text_font_size=\u00bb29px\u00bb header_2_font=\u00bbLato|300|||||||\u00bb header_2_font_size=\u00bb32px\u00bb custom_margin=\u00bb|||\u00bb custom_padding=\u00bb||15px|\u00bb global_colors_info=\u00bb{}\u00bb]<\/p>\n<h2 style=\"text-align: center;\"><span style=\"font-weight: 400;\">\u00bfQu\u00e9 es Erasmus +<\/span><span style=\"font-weight: 400;\">?<\/span><\/h2>\n<p>[\/et_pb_text][et_pb_text _builder_version=\u00bb4.16&#8243; _module_preset=\u00bbdefault\u00bb global_colors_info=\u00bb{}\u00bb]<\/p>\n<p style=\"text-align: justify;\">Erasmus+ es un programa de la Uni\u00f3n Europea que promueve la movilidad acad\u00e9mica, cultural y profesional de estudiantes, docentes y j\u00f3venes en Europa. Tiene como objetivo principal fomentar el intercambio internacional de estudiantes y personal educativo, as\u00ed como promover la cooperaci\u00f3n entre universidades y otras instituciones educativas en Europa y pa\u00edses asociados. El programa permite a los participantes cursar estudios, realizar pr\u00e1cticas profesionales, participar en intercambios juveniles o formativos, y desarrollar competencias personales y profesionales.<\/p>\n<p>[\/et_pb_text][et_pb_divider show_divider=\u00bboff\u00bb _builder_version=\u00bb4.16&#8243; global_colors_info=\u00bb{}\u00bb][\/et_pb_divider][et_pb_text admin_label=\u00bbQu\u00e8 aprendr\u00e0s?\u00bb _builder_version=\u00bb4.16&#8243; text_font=\u00bb|300|||||||\u00bb text_text_color=\u00bb#e02b20&#8243; text_font_size=\u00bb29px\u00bb header_2_font=\u00bbLato|300|||||||\u00bb header_2_font_size=\u00bb32px\u00bb custom_margin=\u00bb|||\u00bb custom_padding=\u00bb||0px|||\u00bb global_colors_info=\u00bb{}\u00bb]<\/p>\n<h2 style=\"text-align: center;\"><span style=\"font-size: x-large;\">Erasmus Police Statement<\/span><\/h2>\n<p>[\/et_pb_text][et_pb_tabs active_tab_background_color=\u00bb#FFFFFF\u00bb inactive_tab_background_color=\u00bb#E02B20&#8243; active_tab_text_color=\u00bb#E02B20&#8243; _builder_version=\u00bb4.16&#8243; tab_text_color=\u00bb#FFFFFF\u00bb border_radii=\u00bbon|20px|20px|20px|20px\u00bb border_color_all=\u00bb#E02B20&#8243; box_shadow_style=\u00bbpreset1&#8243; box_shadow_horizontal=\u00bb2px\u00bb box_shadow_blur=\u00bb9px\u00bb box_shadow_color=\u00bbrgba(0,0,0,0.1)\u00bb global_colors_info=\u00bb{}\u00bb][et_pb_tab title=\u00bbINFORMACI\u00d3N\u00bb _builder_version=\u00bb4.16&#8243; global_colors_info=\u00bb{}\u00bb]<\/p>\n<p style=\"text-align: justify;\">Para encontrar m\u00e1s informaci\u00f3n visita la p\u00e1gina <a href=\"http:\/\/sepie.es\/\">http:\/\/sepie.es\/<\/a><\/p>\n<p>[\/et_pb_tab][et_pb_tab title=\u00bbACREDITACI\u00d3N ERASMUS\u00bb _builder_version=\u00bb4.16&#8243; global_colors_info=\u00bb{}\u00bb]<\/p>\n<p style=\"text-align: justify;\">La acreditaci\u00f3n Erasmus para FP es un proceso que permite a nuestro centro educativo de formaci\u00f3n profesional (FP) participar en el programa Erasmus+ para realizar movilidades educativas en el extranjero. Este programa est\u00e1 dise\u00f1ado para mejorar la calidad de la educaci\u00f3n y formaci\u00f3n profesional en Europa y facilitar el intercambio y la cooperaci\u00f3n transfronterizos. Para obtener la acreditaci\u00f3n, los centros deben presentar un plan que vincule las actividades de movilidad con las necesidades y objetivos de la organizaci\u00f3n. La acreditaci\u00f3n tambi\u00e9n permite a los estudiantes realizar pr\u00e1cticas en el extranjero, lo que a\u00f1ade experiencia laboral internacional al curr\u00edculum vitae y mejora el dominio de idiomas.<\/p>\n<p style=\"text-align: justify;\">Puedes ver la acreditaci\u00f3n pinchando <a href=\"https:\/\/cordoba.salesianos.edu\/colegio\/wp-content\/uploads\/sites\/2\/2026\/02\/2020-1-ES01-KA120-VET-095761-Dipoloma-de-acreditacion.pdf\">aqu\u00ed<\/a>.<\/p>\n<p>[\/et_pb_tab][et_pb_tab title=\u00bbCARTA ERASMUS\u00bb _builder_version=\u00bb4.16&#8243; global_colors_info=\u00bb{}\u00bb]<\/p>\n<p style=\"text-align: justify;\">La Carta Erasmus de Educaci\u00f3n Superior (ECHE) es un marco general de calidad que establece los principios y requisitos m\u00ednimos que deben cumplir las instituciones de educaci\u00f3n superior para participar en el programa Erasmus+. Esta carta es un requisito previo para todas las instituciones con sede en pa\u00edses del programa que quieran participar en actividades de movilidad por motivos de aprendizaje y de cooperaci\u00f3n para la innovaci\u00f3n e intercambio de buenas pr\u00e1cticas con Erasmus+. La obtenci\u00f3n de la Carta ECHE es un requisito previo para que cualquier instituci\u00f3n de Educaci\u00f3n Superior pueda participar en actividades de movilidad para estudios, pr\u00e1cticas de estudiantes y profesionales, del profesorado y del personal laboral directamente relacionado con las ense\u00f1anzas superiores.<\/p>\n<p style=\"text-align: justify;\">Puedes verla a continuaci\u00f3n pinchando <a href=\"https:\/\/cordoba.salesianos.edu\/colegio\/wp-content\/uploads\/sites\/2\/2026\/02\/Carta-Erasmus-Educacion-superior.pdf\">aqu\u00ed<\/a>.<\/p>\n<p>[\/et_pb_tab][et_pb_tab title=\u00bbPROYECTOS ACTUALES\u00bb _builder_version=\u00bb4.16&#8243; _module_preset=\u00bbdefault\u00bb global_colors_info=\u00bb{}\u00bb][\/et_pb_tab][\/et_pb_tabs][et_pb_divider show_divider=\u00bboff\u00bb _builder_version=\u00bb4.16&#8243; global_colors_info=\u00bb{}\u00bb][\/et_pb_divider][et_pb_image src=\u00bbhttps:\/\/cordoba.salesianos.edu\/colegio\/wp-content\/uploads\/sites\/2\/2026\/02\/imagen_2024-10-14_104513341.png\u00bb title_text=\u00bbimagen_2024-10-14_104513341&#8243; align=\u00bbcenter\u00bb _builder_version=\u00bb4.27.4&#8243; _module_preset=\u00bbdefault\u00bb width=\u00bb39%\u00bb global_colors_info=\u00bb{}\u00bb][\/et_pb_image][\/et_pb_column][\/et_pb_row][\/et_pb_section]<\/p>\n","protected":false},"excerpt":{"rendered":"<p>Erasmus +Solicita informaci\u00f3n\u00bfQu\u00e9 es Erasmus +?Erasmus+ es un programa de la Uni\u00f3n Europea que promueve la movilidad acad\u00e9mica, cultural y profesional de estudiantes, docentes y j\u00f3venes en Europa. Tiene como objetivo principal fomentar el intercambio internacional de estudiantes y personal educativo, as\u00ed como promover la cooperaci\u00f3n entre universidades y otras instituciones educativas en Europa y [&hellip;]<\/p>\n","protected":false},"author":3,"featured_media":0,"parent":5075,"menu_order":0,"comment_status":"closed","ping_status":"closed","template":"","meta":{"_et_pb_use_builder":"on","_et_pb_old_content":"","_et_gb_content_width":"","footnotes":""},"class_list":["post-9490","page","type-page","status-publish","hentry"],"yoast_head":"<!-- This site is optimized with the Yoast SEO plugin v27.2 - https:\/\/yoast.com\/product\/yoast-seo-wordpress\/ -->\n<title>Erasmus+ - Colegio Salesiano San Francisco de Sales<\/title>\n<meta name=\"robots\" content=\"index, follow, max-snippet:-1, max-image-preview:large, max-video-preview:-1\" \/>\n<link rel=\"canonical\" href=\"https:\/\/cordoba.salesianos.edu\/colegio\/ciclos-formativos\/erasmus\/\" \/>\n<meta property=\"og:locale\" content=\"es_ES\" \/>\n<meta property=\"og:type\" content=\"article\" \/>\n<meta property=\"og:title\" content=\"Erasmus+ - Colegio Salesiano San Francisco de Sales\" \/>\n<meta property=\"og:description\" content=\"Erasmus +Solicita informaci\u00f3n\u00bfQu\u00e9 es Erasmus +?Erasmus+ es un programa de la Uni\u00f3n Europea que promueve la movilidad acad\u00e9mica, cultural y profesional de estudiantes, docentes y j\u00f3venes en Europa. Tiene como objetivo principal fomentar el intercambio internacional de estudiantes y personal educativo, as\u00ed como promover la cooperaci\u00f3n entre universidades y otras instituciones educativas en Europa y [&hellip;]\" \/>\n<meta property=\"og:url\" content=\"https:\/\/cordoba.salesianos.edu\/colegio\/ciclos-formativos\/erasmus\/\" \/>\n<meta property=\"og:site_name\" content=\"Colegio Salesiano San Francisco de Sales\" \/>\n<meta property=\"article:modified_time\" content=\"2026-03-01T09:30:28+00:00\" \/>\n<meta name=\"twitter:card\" content=\"summary_large_image\" \/>\n<meta name=\"twitter:label1\" content=\"Tiempo de lectura\" \/>\n\t<meta name=\"twitter:data1\" content=\"2 minutos\" \/>\n<script type=\"application\/ld+json\" class=\"yoast-schema-graph\">{\"@context\":\"https:\/\/schema.org\",\"@graph\":[{\"@type\":\"WebPage\",\"@id\":\"https:\/\/cordoba.salesianos.edu\/colegio\/ciclos-formativos\/erasmus\/\",\"url\":\"https:\/\/cordoba.salesianos.edu\/colegio\/ciclos-formativos\/erasmus\/\",\"name\":\"Erasmus+ - Colegio Salesiano San Francisco de Sales\",\"isPartOf\":{\"@id\":\"https:\/\/cordoba.salesianos.edu\/colegio\/#website\"},\"datePublished\":\"2026-02-17T11:09:18+00:00\",\"dateModified\":\"2026-03-01T09:30:28+00:00\",\"breadcrumb\":{\"@id\":\"https:\/\/cordoba.salesianos.edu\/colegio\/ciclos-formativos\/erasmus\/#breadcrumb\"},\"inLanguage\":\"es\",\"potentialAction\":[{\"@type\":\"ReadAction\",\"target\":[\"https:\/\/cordoba.salesianos.edu\/colegio\/ciclos-formativos\/erasmus\/\"]}]},{\"@type\":\"BreadcrumbList\",\"@id\":\"https:\/\/cordoba.salesianos.edu\/colegio\/ciclos-formativos\/erasmus\/#breadcrumb\",\"itemListElement\":[{\"@type\":\"ListItem\",\"position\":1,\"name\":\"Portada\",\"item\":\"https:\/\/cordoba.salesianos.edu\/colegio\/\"},{\"@type\":\"ListItem\",\"position\":2,\"name\":\"Ciclos Formativos\",\"item\":\"https:\/\/cordoba.salesianos.edu\/colegio\/ciclos-formativos\/\"},{\"@type\":\"ListItem\",\"position\":3,\"name\":\"Erasmus+\"}]},{\"@type\":\"WebSite\",\"@id\":\"https:\/\/cordoba.salesianos.edu\/colegio\/#website\",\"url\":\"https:\/\/cordoba.salesianos.edu\/colegio\/\",\"name\":\"Colegio Salesiano San Francisco de Sales\",\"description\":\"P\u00e1gina oficial Salesianos C\u00f3rdoba\",\"potentialAction\":[{\"@type\":\"SearchAction\",\"target\":{\"@type\":\"EntryPoint\",\"urlTemplate\":\"https:\/\/cordoba.salesianos.edu\/colegio\/?s={search_term_string}\"},\"query-input\":{\"@type\":\"PropertyValueSpecification\",\"valueRequired\":true,\"valueName\":\"search_term_string\"}}],\"inLanguage\":\"es\"}]}<\/script>\n<!-- \/ Yoast SEO plugin. -->","yoast_head_json":{"title":"Erasmus+ - Colegio Salesiano San Francisco de Sales","robots":{"index":"index","follow":"follow","max-snippet":"max-snippet:-1","max-image-preview":"max-image-preview:large","max-video-preview":"max-video-preview:-1"},"canonical":"https:\/\/cordoba.salesianos.edu\/colegio\/ciclos-formativos\/erasmus\/","og_locale":"es_ES","og_type":"article","og_title":"Erasmus+ - Colegio Salesiano San Francisco de Sales","og_description":"Erasmus +Solicita informaci\u00f3n\u00bfQu\u00e9 es Erasmus +?Erasmus+ es un programa de la Uni\u00f3n Europea que promueve la movilidad acad\u00e9mica, cultural y profesional de estudiantes, docentes y j\u00f3venes en Europa. Tiene como objetivo principal fomentar el intercambio internacional de estudiantes y personal educativo, as\u00ed como promover la cooperaci\u00f3n entre universidades y otras instituciones educativas en Europa y [&hellip;]","og_url":"https:\/\/cordoba.salesianos.edu\/colegio\/ciclos-formativos\/erasmus\/","og_site_name":"Colegio Salesiano San Francisco de Sales","article_modified_time":"2026-03-01T09:30:28+00:00","twitter_card":"summary_large_image","twitter_misc":{"Tiempo de lectura":"2 minutos"},"schema":{"@context":"https:\/\/schema.org","@graph":[{"@type":"WebPage","@id":"https:\/\/cordoba.salesianos.edu\/colegio\/ciclos-formativos\/erasmus\/","url":"https:\/\/cordoba.salesianos.edu\/colegio\/ciclos-formativos\/erasmus\/","name":"Erasmus+ - Colegio Salesiano San Francisco de Sales","isPartOf":{"@id":"https:\/\/cordoba.salesianos.edu\/colegio\/#website"},"datePublished":"2026-02-17T11:09:18+00:00","dateModified":"2026-03-01T09:30:28+00:00","breadcrumb":{"@id":"https:\/\/cordoba.salesianos.edu\/colegio\/ciclos-formativos\/erasmus\/#breadcrumb"},"inLanguage":"es","potentialAction":[{"@type":"ReadAction","target":["https:\/\/cordoba.salesianos.edu\/colegio\/ciclos-formativos\/erasmus\/"]}]},{"@type":"BreadcrumbList","@id":"https:\/\/cordoba.salesianos.edu\/colegio\/ciclos-formativos\/erasmus\/#breadcrumb","itemListElement":[{"@type":"ListItem","position":1,"name":"Portada","item":"https:\/\/cordoba.salesianos.edu\/colegio\/"},{"@type":"ListItem","position":2,"name":"Ciclos Formativos","item":"https:\/\/cordoba.salesianos.edu\/colegio\/ciclos-formativos\/"},{"@type":"ListItem","position":3,"name":"Erasmus+"}]},{"@type":"WebSite","@id":"https:\/\/cordoba.salesianos.edu\/colegio\/#website","url":"https:\/\/cordoba.salesianos.edu\/colegio\/","name":"Colegio Salesiano San Francisco de Sales","description":"P\u00e1gina oficial Salesianos C\u00f3rdoba","potentialAction":[{"@type":"SearchAction","target":{"@type":"EntryPoint","urlTemplate":"https:\/\/cordoba.salesianos.edu\/colegio\/?s={search_term_string}"},"query-input":{"@type":"PropertyValueSpecification","valueRequired":true,"valueName":"search_term_string"}}],"inLanguage":"es"}]}},"_links":{"self":[{"href":"https:\/\/cordoba.salesianos.edu\/colegio\/wp-json\/wp\/v2\/pages\/9490","targetHints":{"allow":["GET"]}}],"collection":[{"href":"https:\/\/cordoba.salesianos.edu\/colegio\/wp-json\/wp\/v2\/pages"}],"about":[{"href":"https:\/\/cordoba.salesianos.edu\/colegio\/wp-json\/wp\/v2\/types\/page"}],"author":[{"embeddable":true,"href":"https:\/\/cordoba.salesianos.edu\/colegio\/wp-json\/wp\/v2\/users\/3"}],"replies":[{"embeddable":true,"href":"https:\/\/cordoba.salesianos.edu\/colegio\/wp-json\/wp\/v2\/comments?post=9490"}],"version-history":[{"count":5,"href":"https:\/\/cordoba.salesianos.edu\/colegio\/wp-json\/wp\/v2\/pages\/9490\/revisions"}],"predecessor-version":[{"id":9508,"href":"https:\/\/cordoba.salesianos.edu\/colegio\/wp-json\/wp\/v2\/pages\/9490\/revisions\/9508"}],"up":[{"embeddable":true,"href":"https:\/\/cordoba.salesianos.edu\/colegio\/wp-json\/wp\/v2\/pages\/5075"}],"wp:attachment":[{"href":"https:\/\/cordoba.salesianos.edu\/colegio\/wp-json\/wp\/v2\/media?parent=9490"}],"curies":[{"name":"wp","href":"https:\/\/api.w.org\/{rel}","templated":true}]}}