{"id":7149,"date":"2021-05-21T10:01:12","date_gmt":"2021-05-21T08:01:12","guid":{"rendered":"https:\/\/cordoba.salesianos.edu\/colegio\/?page_id=7149"},"modified":"2025-03-04T13:16:44","modified_gmt":"2025-03-04T12:16:44","slug":"proveedores","status":"publish","type":"page","link":"https:\/\/cordoba.salesianos.edu\/colegio\/proveedores\/","title":{"rendered":"Proveedores"},"content":{"rendered":"<p>[et_pb_section fb_built=\u00bb1&#8243; fullwidth=\u00bbon\u00bb _builder_version=\u00bb4.16&#8243; global_colors_info=\u00bb{}\u00bb][et_pb_fullwidth_header title=\u00bbProveedores\u00bb header_image_url=\u00bbhttps:\/\/cordoba.salesianos.edu\/colegio\/wp-content\/uploads\/sites\/2\/2021\/05\/proveedor-imagen.jpeg\u00bb module_class=\u00bbpagina-imagen-cabecera\u00bb _builder_version=\u00bb4.16&#8243; title_font=\u00bbLato||||||||\u00bb background_color=\u00bbrgba(255, 255, 255, 0)\u00bb background_image=\u00bbhttps:\/\/cordoba.salesianos.edu\/colegio\/wp-content\/uploads\/sites\/2\/2020\/10\/encabezado_noticias_casa-min.png\u00bb background_layout=\u00bblight\u00bb custom_margin=\u00bb||0px||false|false\u00bb border_radii_image=\u00bbon|17px|17px|17px|17px\u00bb box_shadow_style_image=\u00bbpreset4&#8243; box_shadow_vertical_image=\u00bb15px\u00bb global_colors_info=\u00bb{}\u00bb button_one_text_size__hover_enabled=\u00bboff\u00bb button_two_text_size__hover_enabled=\u00bboff\u00bb button_one_text_color__hover_enabled=\u00bboff\u00bb button_two_text_color__hover_enabled=\u00bboff\u00bb button_one_border_width__hover_enabled=\u00bboff\u00bb button_two_border_width__hover_enabled=\u00bboff\u00bb button_one_border_color__hover_enabled=\u00bboff\u00bb button_two_border_color__hover_enabled=\u00bboff\u00bb button_one_border_radius__hover_enabled=\u00bboff\u00bb button_two_border_radius__hover_enabled=\u00bboff\u00bb button_one_letter_spacing__hover_enabled=\u00bboff\u00bb button_two_letter_spacing__hover_enabled=\u00bboff\u00bb button_one_bg_color__hover_enabled=\u00bboff\u00bb button_two_bg_color__hover_enabled=\u00bboff\u00bb][\/et_pb_fullwidth_header][\/et_pb_section][et_pb_section fb_built=\u00bb1&#8243; _builder_version=\u00bb4.16&#8243; custom_padding=\u00bb17px|0px|54px|0px|false|false\u00bb global_colors_info=\u00bb{}\u00bb][et_pb_row _builder_version=\u00bb4.16&#8243; custom_margin=\u00bb25px|||\u00bb custom_padding=\u00bb25px|||\u00bb global_colors_info=\u00bb{}\u00bb][et_pb_column type=\u00bb4_4&#8243; _builder_version=\u00bb4.16&#8243; background_position=\u00bbtop_left\u00bb custom_padding=\u00bb|||\u00bb global_colors_info=\u00bb{}\u00bb custom_padding__hover=\u00bb|||\u00bb][et_pb_text admin_label=\u00bbT\u00edtulo (Texto)\u00bb _builder_version=\u00bb4.16&#8243; header_font=\u00bb||||||||\u00bb header_2_font=\u00bbLato|300|||||||\u00bb header_2_font_size=\u00bb30px\u00bb global_colors_info=\u00bb{}\u00bb]<\/p>\n<h2><span>\u00bfC\u00f3mo valoramos nuestros proveedores?<\/span><\/h2>\n<p>[\/et_pb_text][et_pb_text admin_label=\u00bbContenido (Texto)\u00bb _builder_version=\u00bb4.16&#8243; header_font=\u00bb||||||||\u00bb header_2_font=\u00bbLato|300|||||||\u00bb header_2_font_size=\u00bb30px\u00bb global_colors_info=\u00bb{}\u00bb]<\/p>\n<p><span>En el proceso de<strong>\u00a0satisfacer las necesidades de sus clientes<\/strong>, toda organizaci\u00f3n cuenta con un\u00a0<strong>eslab\u00f3n clave<\/strong>\u00a0conformado por el conjunto de proveedores: si ellos fallan en suministrar productos y\/o servicios que cumplan con lo requerido (especificaciones t\u00e9cnicas, plazos de entrega, cantidades, etc.) ocasionar\u00e1n inconvenientes que se ver\u00e1n reflejados en las prestaciones finales al cliente.<\/span><\/p>\n<p><span>Por eso el\u00a0<strong>COLEGIO SALESIANO SAN FRANCISCO DE SALES<\/strong>\u00a0eval\u00faa a todos sus proveedores una vez a\u00f1o. Los criterios a tener en cuenta a la hora de evaluar el desempe\u00f1o de un proveedor o de establecer el procedimiento a seguir para seleccionarlo se refieren tanto a aspectos t\u00e9cnicos, como a aspectos comerciales, y de gesti\u00f3n.<\/span><\/p>\n<ul>\n<li><span><strong>Calidad:<\/strong>\u00a0es el principal criterio de evaluaci\u00f3n de un proveedor. Tiene que ver con el estado del producto y con la correspondencia entre lo que se pide y lo que llega y c\u00f3mo llega a manos de la empresa solicitante. Sin perder de vista tambi\u00e9n la relaci\u00f3n calidad-precio, pudiendo incluso incluir en su comparativa \u201cmarcas blancas\u201d. As\u00ed mismo, es importante para nosotros que nuestros proveedores est\u00e9n Certificados y as\u00ed lo puedan acreditar.<\/span><\/li>\n<li><span><strong>Fiabilidad de plazos:<\/strong>\u00a0se refiere al grado de cumplimiento del proveedor a la hora de la entrega de los art\u00edculos. Los incumplimientos y las demoras suelen ser las principales causas para el cambio de proveedores.<\/span><\/li>\n<li><span><strong>Flexibilidad:<\/strong>\u00a0adem\u00e1s de la fiabilidad y la puntualidad, al proveedor se le suele evaluar por su capacidad de adaptarse a las necesidades del centro. Esto no quiere decir que trabaje exclusivamente en funci\u00f3n de ellas; simplemente, que tenga en cuenta algunas din\u00e1micas o condicionantes que pueden surgir, e implemente medidas adaptadas para atender lo solicitado.<\/span><\/li>\n<li><span><strong>Informaci\u00f3n:\u00a0<\/strong>este criterio apunta a todo aquello que rodea la acci\u00f3n misma del suministro. Por ejemplo, las facturas, la calidad de las ofertas, los datos que acompa\u00f1an a los suministros, entre otros muchos.<\/span><\/li>\n<li><span><strong>Competitividad:<\/strong>\u00a0del mismo modo, la empresa debe evaluar el lugar que ocupa el proveedor en el sector en el que opera. Para ello, no s\u00f3lo se debe ponderar la relaci\u00f3n producto-precio, sino, sobre todo, la calidad de las materias.<\/span><\/li>\n<li><span><strong>Servicio postventa y atenci\u00f3n al cliente.<\/strong>\u00a0Las garant\u00edas y el servicio post-venta, o atenci\u00f3n al cliente, son imprescindibles ya que en un centro educativo la resoluci\u00f3n de cualquier incidencia de manera correcta y a tiempo son determinantes para la satisfacci\u00f3n del cliente.<\/span><\/li>\n<\/ul>\n<p><span>Adem\u00e1s de todo esto, se suelen tener en cuenta otros criterios, de segundo orden en importancia, pero que pueden ayudarnos a decantarnos por un proveedor en caso de duda:<\/span><\/p>\n<ul>\n<li><span>Cercan\u00eda.<\/span><\/li>\n<li><span>Referencias positivas.<\/span><\/li>\n<li><span>Facilidad en la interlocuci\u00f3n.<\/span><\/li>\n<li><span>Muy importante la experiencia en el sector<\/span><span>\u00a0educativo.<\/span><\/li>\n<\/ul>\n<p>[\/et_pb_text][et_pb_button button_text=\u00bbContacta con Administraci\u00f3n\u00bb _builder_version=\u00bb4.27.4&#8243; _module_preset=\u00bbdefault\u00bb hover_enabled=\u00bb0&#8243; sticky_enabled=\u00bb0&#8243; button_alignment=\u00bbcenter\u00bb button_url=\u00bbhttps:\/\/cordoba.salesianos.edu\/colegio\/administracion-contacta\/\u00bb][\/et_pb_button][\/et_pb_column][\/et_pb_row][\/et_pb_section]<\/p>\n","protected":false},"excerpt":{"rendered":"<p>\u00bfC\u00f3mo valoramos nuestros proveedores?En el proceso de\u00a0satisfacer las necesidades de sus clientes, toda organizaci\u00f3n cuenta con un\u00a0eslab\u00f3n clave\u00a0conformado por el conjunto de proveedores: si ellos fallan en suministrar productos y\/o servicios que cumplan con lo requerido (especificaciones t\u00e9cnicas, plazos de entrega, cantidades, etc.) ocasionar\u00e1n inconvenientes que se ver\u00e1n reflejados en las prestaciones finales al cliente. [&hellip;]<\/p>\n","protected":false},"author":3,"featured_media":0,"parent":0,"menu_order":0,"comment_status":"closed","ping_status":"closed","template":"","meta":{"_et_pb_use_builder":"on","_et_pb_old_content":"","_et_gb_content_width":"","footnotes":""},"class_list":["post-7149","page","type-page","status-publish","hentry"],"yoast_head":"<!-- This site is optimized with the Yoast SEO plugin v27.2 - https:\/\/yoast.com\/product\/yoast-seo-wordpress\/ -->\n<title>Proveedores - Colegio Salesiano San Francisco de Sales<\/title>\n<meta name=\"robots\" content=\"index, follow, max-snippet:-1, max-image-preview:large, max-video-preview:-1\" \/>\n<link rel=\"canonical\" href=\"https:\/\/cordoba.salesianos.edu\/colegio\/proveedores\/\" \/>\n<meta property=\"og:locale\" content=\"es_ES\" \/>\n<meta property=\"og:type\" content=\"article\" \/>\n<meta property=\"og:title\" content=\"Proveedores - Colegio Salesiano San Francisco de Sales\" \/>\n<meta property=\"og:description\" content=\"\u00bfC\u00f3mo valoramos nuestros proveedores?En el proceso de\u00a0satisfacer las necesidades de sus clientes, toda organizaci\u00f3n cuenta con un\u00a0eslab\u00f3n clave\u00a0conformado por el conjunto de proveedores: si ellos fallan en suministrar productos y\/o servicios que cumplan con lo requerido (especificaciones t\u00e9cnicas, plazos de entrega, cantidades, etc.) ocasionar\u00e1n inconvenientes que se ver\u00e1n reflejados en las prestaciones finales al cliente. [&hellip;]\" \/>\n<meta property=\"og:url\" content=\"https:\/\/cordoba.salesianos.edu\/colegio\/proveedores\/\" \/>\n<meta property=\"og:site_name\" content=\"Colegio Salesiano San Francisco de Sales\" \/>\n<meta property=\"article:modified_time\" content=\"2025-03-04T12:16:44+00:00\" \/>\n<meta name=\"twitter:card\" content=\"summary_large_image\" \/>\n<meta name=\"twitter:label1\" content=\"Tiempo de lectura\" \/>\n\t<meta name=\"twitter:data1\" content=\"3 minutos\" \/>\n<script type=\"application\/ld+json\" class=\"yoast-schema-graph\">{\"@context\":\"https:\/\/schema.org\",\"@graph\":[{\"@type\":\"WebPage\",\"@id\":\"https:\/\/cordoba.salesianos.edu\/colegio\/proveedores\/\",\"url\":\"https:\/\/cordoba.salesianos.edu\/colegio\/proveedores\/\",\"name\":\"Proveedores - Colegio Salesiano San Francisco de Sales\",\"isPartOf\":{\"@id\":\"https:\/\/cordoba.salesianos.edu\/colegio\/#website\"},\"datePublished\":\"2021-05-21T08:01:12+00:00\",\"dateModified\":\"2025-03-04T12:16:44+00:00\",\"breadcrumb\":{\"@id\":\"https:\/\/cordoba.salesianos.edu\/colegio\/proveedores\/#breadcrumb\"},\"inLanguage\":\"es\",\"potentialAction\":[{\"@type\":\"ReadAction\",\"target\":[\"https:\/\/cordoba.salesianos.edu\/colegio\/proveedores\/\"]}]},{\"@type\":\"BreadcrumbList\",\"@id\":\"https:\/\/cordoba.salesianos.edu\/colegio\/proveedores\/#breadcrumb\",\"itemListElement\":[{\"@type\":\"ListItem\",\"position\":1,\"name\":\"Portada\",\"item\":\"https:\/\/cordoba.salesianos.edu\/colegio\/\"},{\"@type\":\"ListItem\",\"position\":2,\"name\":\"Proveedores\"}]},{\"@type\":\"WebSite\",\"@id\":\"https:\/\/cordoba.salesianos.edu\/colegio\/#website\",\"url\":\"https:\/\/cordoba.salesianos.edu\/colegio\/\",\"name\":\"Colegio Salesiano San Francisco de Sales\",\"description\":\"P\u00e1gina oficial Salesianos C\u00f3rdoba\",\"potentialAction\":[{\"@type\":\"SearchAction\",\"target\":{\"@type\":\"EntryPoint\",\"urlTemplate\":\"https:\/\/cordoba.salesianos.edu\/colegio\/?s={search_term_string}\"},\"query-input\":{\"@type\":\"PropertyValueSpecification\",\"valueRequired\":true,\"valueName\":\"search_term_string\"}}],\"inLanguage\":\"es\"}]}<\/script>\n<!-- \/ Yoast SEO plugin. -->","yoast_head_json":{"title":"Proveedores - Colegio Salesiano San Francisco de Sales","robots":{"index":"index","follow":"follow","max-snippet":"max-snippet:-1","max-image-preview":"max-image-preview:large","max-video-preview":"max-video-preview:-1"},"canonical":"https:\/\/cordoba.salesianos.edu\/colegio\/proveedores\/","og_locale":"es_ES","og_type":"article","og_title":"Proveedores - Colegio Salesiano San Francisco de Sales","og_description":"\u00bfC\u00f3mo valoramos nuestros proveedores?En el proceso de\u00a0satisfacer las necesidades de sus clientes, toda organizaci\u00f3n cuenta con un\u00a0eslab\u00f3n clave\u00a0conformado por el conjunto de proveedores: si ellos fallan en suministrar productos y\/o servicios que cumplan con lo requerido (especificaciones t\u00e9cnicas, plazos de entrega, cantidades, etc.) ocasionar\u00e1n inconvenientes que se ver\u00e1n reflejados en las prestaciones finales al cliente. [&hellip;]","og_url":"https:\/\/cordoba.salesianos.edu\/colegio\/proveedores\/","og_site_name":"Colegio Salesiano San Francisco de Sales","article_modified_time":"2025-03-04T12:16:44+00:00","twitter_card":"summary_large_image","twitter_misc":{"Tiempo de lectura":"3 minutos"},"schema":{"@context":"https:\/\/schema.org","@graph":[{"@type":"WebPage","@id":"https:\/\/cordoba.salesianos.edu\/colegio\/proveedores\/","url":"https:\/\/cordoba.salesianos.edu\/colegio\/proveedores\/","name":"Proveedores - Colegio Salesiano San Francisco de Sales","isPartOf":{"@id":"https:\/\/cordoba.salesianos.edu\/colegio\/#website"},"datePublished":"2021-05-21T08:01:12+00:00","dateModified":"2025-03-04T12:16:44+00:00","breadcrumb":{"@id":"https:\/\/cordoba.salesianos.edu\/colegio\/proveedores\/#breadcrumb"},"inLanguage":"es","potentialAction":[{"@type":"ReadAction","target":["https:\/\/cordoba.salesianos.edu\/colegio\/proveedores\/"]}]},{"@type":"BreadcrumbList","@id":"https:\/\/cordoba.salesianos.edu\/colegio\/proveedores\/#breadcrumb","itemListElement":[{"@type":"ListItem","position":1,"name":"Portada","item":"https:\/\/cordoba.salesianos.edu\/colegio\/"},{"@type":"ListItem","position":2,"name":"Proveedores"}]},{"@type":"WebSite","@id":"https:\/\/cordoba.salesianos.edu\/colegio\/#website","url":"https:\/\/cordoba.salesianos.edu\/colegio\/","name":"Colegio Salesiano San Francisco de Sales","description":"P\u00e1gina oficial Salesianos C\u00f3rdoba","potentialAction":[{"@type":"SearchAction","target":{"@type":"EntryPoint","urlTemplate":"https:\/\/cordoba.salesianos.edu\/colegio\/?s={search_term_string}"},"query-input":{"@type":"PropertyValueSpecification","valueRequired":true,"valueName":"search_term_string"}}],"inLanguage":"es"}]}},"_links":{"self":[{"href":"https:\/\/cordoba.salesianos.edu\/colegio\/wp-json\/wp\/v2\/pages\/7149","targetHints":{"allow":["GET"]}}],"collection":[{"href":"https:\/\/cordoba.salesianos.edu\/colegio\/wp-json\/wp\/v2\/pages"}],"about":[{"href":"https:\/\/cordoba.salesianos.edu\/colegio\/wp-json\/wp\/v2\/types\/page"}],"author":[{"embeddable":true,"href":"https:\/\/cordoba.salesianos.edu\/colegio\/wp-json\/wp\/v2\/users\/3"}],"replies":[{"embeddable":true,"href":"https:\/\/cordoba.salesianos.edu\/colegio\/wp-json\/wp\/v2\/comments?post=7149"}],"version-history":[{"count":5,"href":"https:\/\/cordoba.salesianos.edu\/colegio\/wp-json\/wp\/v2\/pages\/7149\/revisions"}],"predecessor-version":[{"id":9174,"href":"https:\/\/cordoba.salesianos.edu\/colegio\/wp-json\/wp\/v2\/pages\/7149\/revisions\/9174"}],"wp:attachment":[{"href":"https:\/\/cordoba.salesianos.edu\/colegio\/wp-json\/wp\/v2\/media?parent=7149"}],"curies":[{"name":"wp","href":"https:\/\/api.w.org\/{rel}","templated":true}]}}