{"id":4826,"date":"2020-10-07T20:15:18","date_gmt":"2020-10-07T18:15:18","guid":{"rendered":"https:\/\/cordoba.salesianos.edu\/colegio\/?page_id=4826"},"modified":"2021-09-14T10:01:16","modified_gmt":"2021-09-14T08:01:16","slug":"oferta-educativa","status":"publish","type":"page","link":"https:\/\/cordoba.salesianos.edu\/colegio\/oferta-educativa\/","title":{"rendered":"Oferta Educativa"},"content":{"rendered":"<p>[et_pb_section fb_built=\u00bb1&#8243; fullwidth=\u00bbon\u00bb admin_label=\u00bbSecci\u00f3n\u00bb _builder_version=\u00bb3.22&#8243; global_colors_info=\u00bb{}\u00bb][et_pb_fullwidth_header title=\u00bbOferta educativa\u00bb subhead=\u00bb Colegio Salesiano San Francisco de Sales\u00bb title_font_color=\u00bb#ffffff\u00bb admin_label=\u00bbT\u00edtulo de anchura completa\u00bb module_class=\u00bbpagina-imagen-cabecera\u00bb _builder_version=\u00bb4.9.4&#8243; title_text_color=\u00bb#ffffff\u00bb title_font_size=\u00bb40px\u00bb subhead_font=\u00bb||on||||||\u00bb subhead_text_align=\u00bbright\u00bb subhead_text_color=\u00bb#FFFFFF\u00bb subhead_font_size=\u00bb34px\u00bb background_color=\u00bb#a31616&#8243; background_image=\u00bbhttps:\/\/cordoba.salesianos.edu\/colegio\/wp-content\/uploads\/sites\/2\/2020\/10\/Screen-Shot-2017-07-14-at-19.29.57.png\u00bb background_blend=\u00bboverlay\u00bb background_layout=\u00bblight\u00bb custom_margin=\u00bb||||false|false\u00bb custom_padding=\u00bb50px||100px||false|false\u00bb background_url=\u00bbhttps:\/\/cordoba.salesianos.edu\/colegio\/wp-content\/uploads\/sites\/2\/2020\/10\/Archivo_002-2-scaled.jpeg\u00bb global_colors_info=\u00bb{}\u00bb button_one_text_size__hover_enabled=\u00bboff\u00bb button_two_text_size__hover_enabled=\u00bboff\u00bb button_one_text_color__hover_enabled=\u00bboff\u00bb button_two_text_color__hover_enabled=\u00bboff\u00bb button_one_border_width__hover_enabled=\u00bboff\u00bb button_two_border_width__hover_enabled=\u00bboff\u00bb button_one_border_color__hover_enabled=\u00bboff\u00bb button_two_border_color__hover_enabled=\u00bboff\u00bb button_one_border_radius__hover_enabled=\u00bboff\u00bb button_two_border_radius__hover_enabled=\u00bboff\u00bb button_one_letter_spacing__hover_enabled=\u00bboff\u00bb button_two_letter_spacing__hover_enabled=\u00bboff\u00bb button_one_bg_color__hover_enabled=\u00bboff\u00bb button_two_bg_color__hover_enabled=\u00bboff\u00bb][\/et_pb_fullwidth_header][\/et_pb_section][et_pb_section fb_built=\u00bb1&#8243; admin_label=\u00bbSecci\u00f3n\u00bb module_class=\u00bbpagina-seccion-contenido\u00bb _builder_version=\u00bb3.22&#8243; custom_padding=\u00bb0px|0px|54px|0px\u00bb global_colors_info=\u00bb{}\u00bb][et_pb_row column_structure=\u00bb3_4,1_4&#8243; admin_label=\u00bbFila\u00bb module_class=\u00bbpagina-texto\u00bb _builder_version=\u00bb3.25&#8243; background_size=\u00bbinitial\u00bb background_position=\u00bbtop_left\u00bb background_repeat=\u00bbrepeat\u00bb custom_margin=\u00bb|||\u00bb custom_padding=\u00bb|||\u00bb global_colors_info=\u00bb{}\u00bb][et_pb_column type=\u00bb3_4&#8243; _builder_version=\u00bb3.25&#8243; custom_padding=\u00bb|||\u00bb global_colors_info=\u00bb{}\u00bb custom_padding__hover=\u00bb|||\u00bb][et_pb_text _builder_version=\u00bb3.27.4&#8243; text_font=\u00bb||||||||\u00bb header_font=\u00bbLato|300|||||||\u00bb header_font_size=\u00bb28px\u00bb header_2_font=\u00bbLato|300|||||||\u00bb header_2_font_size=\u00bb30px\u00bb custom_margin=\u00bb|||\u00bb custom_padding=\u00bb25px|||\u00bb global_colors_info=\u00bb{}\u00bb]<\/p>\n<h2>Una escuela que acompa\u00f1a<\/h2>\n<p>[\/et_pb_text][et_pb_text admin_label=\u00bbTexto\u00bb _builder_version=\u00bb4.9.4&#8243; text_font=\u00bb||||||||\u00bb text_line_height=\u00bb1.3em\u00bb background_size=\u00bbinitial\u00bb background_position=\u00bbtop_left\u00bb background_repeat=\u00bbrepeat\u00bb text_orientation=\u00bbjustified\u00bb global_colors_info=\u00bb{}\u00bb]<\/p>\n<p>En nuestro centro tus hijos\/as podr\u00e1n cursar tanto las <strong>etapas obligatorias<\/strong> (<em>Primaria y Secundaria<\/em>) como las <strong>no obligatorias<\/strong> (<em>Infantil y Bachillerato<\/em>), incluso tendr\u00e1n con la opci\u00f3n de estudiar un <strong>ciclo formativo\u00a0<\/strong>con nosotros, s\u00ed as\u00ed lo desean. Esto significa que desde los 3 a\u00f1os hasta su formaci\u00f3n profesional o pre-universitaria podr\u00e1n disfrutar de una <strong>educaci\u00f3n continuada<\/strong> y en sinton\u00eda con los valores propios de una escuela <strong>salesiana y cristiana<\/strong>.<\/p>\n<p>&nbsp;<\/p>\n<p>Para poder atender a la demanda del centro, disponemos de <strong>3 l\u00edneas<\/strong>\u00a0por curso en <strong>lengua castellana<\/strong>.<\/p>\n<p>&nbsp;<\/p>\n<h2>Pincha en los siguientes <strong>enlaces<\/strong> para saber m\u00e1s sobre cada una de las etapas:<\/h2>\n<p>[\/et_pb_text][\/et_pb_column][et_pb_column type=\u00bb1_4&#8243; _builder_version=\u00bb3.25&#8243; custom_padding=\u00bb|||\u00bb global_colors_info=\u00bb{}\u00bb custom_padding__hover=\u00bb|||\u00bb][et_pb_number_counter title=\u00bbEtapas\u00bb number=\u00bb5&#8243; percent_sign=\u00bboff\u00bb _builder_version=\u00bb3.0.69&#8243; title_font=\u00bbLato Light||||\u00bb title_text_color=\u00bb#7a7a7a\u00bb title_font_size=\u00bb30px\u00bb number_font=\u00bbLato||||\u00bb custom_padding=\u00bb15px|||\u00bb custom_padding_last_edited=\u00bboff|desktop\u00bb global_colors_info=\u00bb{}\u00bb][\/et_pb_number_counter][et_pb_number_counter title=\u00bbAlumnos\u00bb number=\u00bb1310&#8243; percent_sign=\u00bboff\u00bb _builder_version=\u00bb3.16.1&#8243; title_font=\u00bbLato Light||||\u00bb title_text_color=\u00bb#7a7a7a\u00bb title_font_size=\u00bb30px\u00bb number_font=\u00bbLato||||\u00bb global_colors_info=\u00bb{}\u00bb][\/et_pb_number_counter][\/et_pb_column][\/et_pb_row][et_pb_row column_structure=\u00bb1_2,1_2&#8243; admin_label=\u00bbrow\u00bb _builder_version=\u00bb3.25&#8243; background_size=\u00bbinitial\u00bb background_position=\u00bbtop_left\u00bb background_repeat=\u00bbrepeat\u00bb custom_padding=\u00bb|0px|0|0px|false|false\u00bb hover_enabled=\u00bb0&#8243; global_colors_info=\u00bb{}\u00bb sticky_enabled=\u00bb0&#8243;][et_pb_column type=\u00bb1_2&#8243; _builder_version=\u00bb3.25&#8243; custom_padding=\u00bb|||\u00bb global_colors_info=\u00bb{}\u00bb custom_padding__hover=\u00bb|||\u00bb][et_pb_blurb title=\u00bbEducaci\u00f3n Infantil\u00bb url=\u00bb@ET-DC@eyJkeW5hbWljIjp0cnVlLCJjb250ZW50IjoicG9zdF9saW5rX3VybF9wYWdlIiwic2V0dGluZ3MiOnsicG9zdF9pZCI6IjUwMzMifX0=@\u00bb admin_label=\u00bbBot\u00f3n a etapa educativa (Anuncio)\u00bb _builder_version=\u00bb4.10.7&#8243; _dynamic_attributes=\u00bburl,link_option_url\u00bb header_level=\u00bbh3&#8243; header_font=\u00bbLato||||||||\u00bb header_text_color=\u00bb#ffffff\u00bb header_font_size=\u00bb42px\u00bb body_font=\u00bb||||||||\u00bb background_color=\u00bb#dc001b\u00bb background_image=\u00bbhttps:\/\/cordoba.salesianos.edu\/colegio\/wp-content\/uploads\/sites\/2\/2020\/10\/actividades_musica_13-min.jpg\u00bb background_blend=\u00bbdarken\u00bb text_orientation=\u00bbcenter\u00bb custom_margin=\u00bb||25px|\u00bb custom_padding=\u00bb76px||82px|\u00bb link_option_url=\u00bb@ET-DC@eyJkeW5hbWljIjp0cnVlLCJjb250ZW50IjoicG9zdF9saW5rX3VybF9wYWdlIiwic2V0dGluZ3MiOnsicG9zdF9pZCI6IjUwMzMifX0=@\u00bb header_text_shadow_style=\u00bbpreset3&#8243; box_shadow_style=\u00bbpreset3&#8243; global_colors_info=\u00bb{}\u00bb background__hover_enabled=\u00bbon\u00bb background_color__hover=\u00bbrgba(0,0,0,0.29)\u00bb transform_styles__hover_enabled=\u00bbon|hover\u00bb transform_scale__hover_enabled=\u00bbon|hover\u00bb transform_translate__hover_enabled=\u00bbon|desktop\u00bb transform_rotate__hover_enabled=\u00bbon|desktop\u00bb transform_skew__hover_enabled=\u00bbon|desktop\u00bb transform_origin__hover_enabled=\u00bbon|desktop\u00bb transform_scale__hover=\u00bb106%|106%\u00bb][\/et_pb_blurb][\/et_pb_column][et_pb_column type=\u00bb1_2&#8243; _builder_version=\u00bb3.25&#8243; custom_padding=\u00bb|||\u00bb global_colors_info=\u00bb{}\u00bb custom_padding__hover=\u00bb|||\u00bb][et_pb_blurb title=\u00bbEducaci\u00f3n Primaria\u00bb url=\u00bb@ET-DC@eyJkeW5hbWljIjp0cnVlLCJjb250ZW50IjoicG9zdF9saW5rX3VybF9wYWdlIiwic2V0dGluZ3MiOnsicG9zdF9pZCI6IjUwNDQifX0=@\u00bb admin_label=\u00bbBot\u00f3n a etapa educativa (Anuncio)\u00bb _builder_version=\u00bb4.9.4&#8243; _dynamic_attributes=\u00bburl,link_option_url\u00bb header_level=\u00bbh3&#8243; header_font=\u00bbLato||||||||\u00bb header_text_color=\u00bb#ffffff\u00bb header_font_size=\u00bb42px\u00bb background_color=\u00bb#dc001b\u00bb background_image=\u00bbhttps:\/\/cordoba.salesianos.edu\/colegio\/wp-content\/uploads\/sites\/2\/2020\/10\/noticia_colegio_17_06_21.jpg\u00bb background_blend=\u00bbdarken\u00bb text_orientation=\u00bbcenter\u00bb custom_margin=\u00bb||25px|\u00bb custom_padding=\u00bb76px||82px|\u00bb link_option_url=\u00bb@ET-DC@eyJkeW5hbWljIjp0cnVlLCJjb250ZW50IjoicG9zdF9saW5rX3VybF9wYWdlIiwic2V0dGluZ3MiOnsicG9zdF9pZCI6IjUwNDQifX0=@\u00bb header_text_shadow_style=\u00bbpreset3&#8243; box_shadow_style=\u00bbpreset3&#8243; global_colors_info=\u00bb{}\u00bb background__hover_enabled=\u00bbon\u00bb background_color__hover=\u00bbrgba(0,0,0,0.29)\u00bb transform_styles__hover_enabled=\u00bbon|hover\u00bb transform_scale__hover=\u00bb106%|106%\u00bb transform_scale__hover_enabled=\u00bbon|hover\u00bb transform_translate__hover_enabled=\u00bbon|desktop\u00bb transform_rotate__hover_enabled=\u00bbon|desktop\u00bb transform_skew__hover_enabled=\u00bbon|desktop\u00bb transform_origin__hover_enabled=\u00bbon|desktop\u00bb][\/et_pb_blurb][\/et_pb_column][\/et_pb_row][et_pb_row column_structure=\u00bb1_2,1_2&#8243; _builder_version=\u00bb3.25&#8243; custom_padding=\u00bb0px|0px|0px|0px\u00bb hover_enabled=\u00bb0&#8243; global_colors_info=\u00bb{}\u00bb sticky_enabled=\u00bb0&#8243;][et_pb_column type=\u00bb1_2&#8243; _builder_version=\u00bb3.25&#8243; custom_padding=\u00bb|||\u00bb global_colors_info=\u00bb{}\u00bb custom_padding__hover=\u00bb|||\u00bb][et_pb_blurb title=\u00bbE.S.O.\u00bb url=\u00bb@ET-DC@eyJkeW5hbWljIjp0cnVlLCJjb250ZW50IjoicG9zdF9saW5rX3VybF9wYWdlIiwic2V0dGluZ3MiOnsicG9zdF9pZCI6IjUwNDgifX0=@\u00bb admin_label=\u00bbBot\u00f3n a etapa educativa (Anuncio)\u00bb _builder_version=\u00bb4.10.7&#8243; _dynamic_attributes=\u00bburl\u00bb header_level=\u00bbh3&#8243; header_font=\u00bbLato||||||||\u00bb header_text_color=\u00bb#ffffff\u00bb header_font_size=\u00bb42px\u00bb background_color=\u00bb#dc001b\u00bb background_image=\u00bbhttps:\/\/cordoba.salesianos.edu\/colegio\/wp-content\/uploads\/sites\/2\/2020\/10\/Image00106.jpg\u00bb background_blend=\u00bbdarken\u00bb text_orientation=\u00bbcenter\u00bb custom_margin=\u00bb||25px|\u00bb custom_padding=\u00bb76px||82px|\u00bb link_option_url=\u00bbhttps:\/\/cordoba.salesianos.edu\/colegio\/educacion-secundaria\/\u00bb hover_enabled=\u00bb0&#8243; header_text_shadow_style=\u00bbpreset3&#8243; box_shadow_style=\u00bbpreset3&#8243; global_colors_info=\u00bb{}\u00bb background__hover_enabled=\u00bbon\u00bb background_color__hover=\u00bbrgba(0,0,0,0.29)\u00bb transform_styles__hover_enabled=\u00bbon|hover\u00bb transform_scale__hover=\u00bb106%|106%\u00bb transform_scale__hover_enabled=\u00bbon|hover\u00bb transform_translate__hover_enabled=\u00bbon|desktop\u00bb transform_rotate__hover_enabled=\u00bbon|desktop\u00bb transform_skew__hover_enabled=\u00bbon|desktop\u00bb transform_origin__hover_enabled=\u00bbon|desktop\u00bb sticky_enabled=\u00bb0&#8243;][\/et_pb_blurb][\/et_pb_column][et_pb_column type=\u00bb1_2&#8243; _builder_version=\u00bb3.25&#8243; custom_padding=\u00bb|||\u00bb global_colors_info=\u00bb{}\u00bb custom_padding__hover=\u00bb|||\u00bb][et_pb_blurb title=\u00bbBachillerato\u00bb url=\u00bb@ET-DC@eyJkeW5hbWljIjp0cnVlLCJjb250ZW50IjoicG9zdF9saW5rX3VybF9wYWdlIiwic2V0dGluZ3MiOnsicG9zdF9pZCI6IjQ4MDQifX0=@\u00bb admin_label=\u00bbBot\u00f3n a etapa educativa (Anuncio)\u00bb _builder_version=\u00bb4.10.7&#8243; _dynamic_attributes=\u00bburl,link_option_url\u00bb header_level=\u00bbh3&#8243; header_font=\u00bbLato||||||||\u00bb header_text_color=\u00bb#ffffff\u00bb header_font_size=\u00bb42px\u00bb background_color=\u00bb#dc001b\u00bb background_image=\u00bbhttps:\/\/cordoba.salesianos.edu\/colegio\/wp-content\/uploads\/sites\/2\/2020\/10\/Screen-Shot-2017-05-01-at-17.10.05.jpg\u00bb background_blend=\u00bbdarken\u00bb text_orientation=\u00bbcenter\u00bb custom_margin=\u00bb||25px|\u00bb custom_padding=\u00bb76px||82px|\u00bb link_option_url=\u00bb@ET-DC@eyJkeW5hbWljIjp0cnVlLCJjb250ZW50IjoicG9zdF9saW5rX3VybF9wYWdlIiwic2V0dGluZ3MiOnsicG9zdF9pZCI6IjQ4MDQifX0=@\u00bb hover_enabled=\u00bb0&#8243; header_text_shadow_style=\u00bbpreset3&#8243; box_shadow_style=\u00bbpreset3&#8243; global_colors_info=\u00bb{}\u00bb background__hover_enabled=\u00bbon\u00bb background_color__hover=\u00bbrgba(0,0,0,0.29)\u00bb transform_styles__hover_enabled=\u00bbon|hover\u00bb transform_scale__hover=\u00bb106%|106%\u00bb transform_scale__hover_enabled=\u00bbon|hover\u00bb transform_translate__hover_enabled=\u00bbon|desktop\u00bb transform_rotate__hover_enabled=\u00bbon|desktop\u00bb transform_skew__hover_enabled=\u00bbon|desktop\u00bb transform_origin__hover_enabled=\u00bbon|desktop\u00bb sticky_enabled=\u00bb0&#8243;][\/et_pb_blurb][\/et_pb_column][\/et_pb_row][et_pb_row _builder_version=\u00bb3.25&#8243; custom_padding=\u00bb0px|0px|26.328125px|0px\u00bb global_colors_info=\u00bb{}\u00bb][et_pb_column type=\u00bb4_4&#8243; _builder_version=\u00bb3.25&#8243; custom_padding=\u00bb|||\u00bb global_colors_info=\u00bb{}\u00bb custom_padding__hover=\u00bb|||\u00bb][et_pb_blurb title=\u00bbCiclos Formativos\u00bb url=\u00bb@ET-DC@eyJkeW5hbWljIjp0cnVlLCJjb250ZW50IjoicG9zdF9saW5rX3VybF9wYWdlIiwic2V0dGluZ3MiOnsicG9zdF9pZCI6IjUwNzUifX0=@\u00bb admin_label=\u00bbBot\u00f3n a etapa educativa (Anuncio)\u00bb _builder_version=\u00bb4.9.4&#8243; _dynamic_attributes=\u00bburl,link_option_url\u00bb header_level=\u00bbh3&#8243; header_font=\u00bbLato||||||||\u00bb header_text_color=\u00bb#ffffff\u00bb header_font_size=\u00bb42px\u00bb background_color=\u00bb#dc001b\u00bb background_image=\u00bbhttps:\/\/cordoba.salesianos.edu\/colegio\/wp-content\/uploads\/sites\/2\/2020\/10\/ciclos_de_grado_medio.jpg\u00bb background_blend=\u00bbdarken\u00bb text_orientation=\u00bbcenter\u00bb custom_margin=\u00bb|||\u00bb custom_padding=\u00bb76px||82px|\u00bb link_option_url=\u00bb@ET-DC@eyJkeW5hbWljIjp0cnVlLCJjb250ZW50IjoicG9zdF9saW5rX3VybF9wYWdlIiwic2V0dGluZ3MiOnsicG9zdF9pZCI6IjUwNzUifX0=@\u00bb header_text_shadow_style=\u00bbpreset3&#8243; box_shadow_style=\u00bbpreset3&#8243; global_colors_info=\u00bb{}\u00bb background__hover_enabled=\u00bbon\u00bb background_color__hover=\u00bbrgba(0,0,0,0.29)\u00bb transform_styles__hover_enabled=\u00bbon|hover\u00bb transform_scale__hover=\u00bb106%|106%\u00bb transform_scale__hover_enabled=\u00bbon|hover\u00bb transform_translate__hover_enabled=\u00bbon|desktop\u00bb transform_rotate__hover_enabled=\u00bbon|desktop\u00bb transform_skew__hover_enabled=\u00bbon|desktop\u00bb transform_origin__hover_enabled=\u00bbon|desktop\u00bb][\/et_pb_blurb][\/et_pb_column][\/et_pb_row][\/et_pb_section]<\/p>\n","protected":false},"excerpt":{"rendered":"<p>Una escuela que acompa\u00f1aEn nuestro centro tus hijos\/as podr\u00e1n cursar tanto las etapas obligatorias (Primaria y Secundaria) como las no obligatorias (Infantil y Bachillerato), incluso tendr\u00e1n con la opci\u00f3n de estudiar un ciclo formativo\u00a0con nosotros, s\u00ed as\u00ed lo desean. Esto significa que desde los 3 a\u00f1os hasta su formaci\u00f3n profesional o pre-universitaria podr\u00e1n disfrutar de [&hellip;]<\/p>\n","protected":false},"author":3,"featured_media":0,"parent":0,"menu_order":0,"comment_status":"closed","ping_status":"closed","template":"","meta":{"_et_pb_use_builder":"on","_et_pb_old_content":"","_et_gb_content_width":"","footnotes":""},"class_list":["post-4826","page","type-page","status-publish","hentry"],"yoast_head":"<!-- This site is optimized with the Yoast SEO plugin v27.4 - https:\/\/yoast.com\/product\/yoast-seo-wordpress\/ -->\n<title>Oferta Educativa - Colegio Salesiano San Francisco de Sales<\/title>\n<meta name=\"robots\" content=\"index, follow, max-snippet:-1, max-image-preview:large, max-video-preview:-1\" \/>\n<link rel=\"canonical\" href=\"https:\/\/cordoba.salesianos.edu\/colegio\/oferta-educativa\/\" \/>\n<meta property=\"og:locale\" content=\"es_ES\" \/>\n<meta property=\"og:type\" content=\"article\" \/>\n<meta property=\"og:title\" content=\"Oferta Educativa - Colegio Salesiano San Francisco de Sales\" \/>\n<meta property=\"og:description\" content=\"Una escuela que acompa\u00f1aEn nuestro centro tus hijos\/as podr\u00e1n cursar tanto las etapas obligatorias (Primaria y Secundaria) como las no obligatorias (Infantil y Bachillerato), incluso tendr\u00e1n con la opci\u00f3n de estudiar un ciclo formativo\u00a0con nosotros, s\u00ed as\u00ed lo desean. Esto significa que desde los 3 a\u00f1os hasta su formaci\u00f3n profesional o pre-universitaria podr\u00e1n disfrutar de [&hellip;]\" \/>\n<meta property=\"og:url\" content=\"https:\/\/cordoba.salesianos.edu\/colegio\/oferta-educativa\/\" \/>\n<meta property=\"og:site_name\" content=\"Colegio Salesiano San Francisco de Sales\" \/>\n<meta property=\"article:modified_time\" content=\"2021-09-14T08:01:16+00:00\" \/>\n<meta name=\"twitter:card\" content=\"summary_large_image\" \/>\n<meta name=\"twitter:label1\" content=\"Tiempo de lectura\" \/>\n\t<meta name=\"twitter:data1\" content=\"8 minutos\" \/>\n<script type=\"application\/ld+json\" class=\"yoast-schema-graph\">{\"@context\":\"https:\\\/\\\/schema.org\",\"@graph\":[{\"@type\":\"WebPage\",\"@id\":\"https:\\\/\\\/cordoba.salesianos.edu\\\/colegio\\\/oferta-educativa\\\/\",\"url\":\"https:\\\/\\\/cordoba.salesianos.edu\\\/colegio\\\/oferta-educativa\\\/\",\"name\":\"Oferta Educativa - Colegio Salesiano San Francisco de Sales\",\"isPartOf\":{\"@id\":\"https:\\\/\\\/cordoba.salesianos.edu\\\/colegio\\\/#website\"},\"datePublished\":\"2020-10-07T18:15:18+00:00\",\"dateModified\":\"2021-09-14T08:01:16+00:00\",\"breadcrumb\":{\"@id\":\"https:\\\/\\\/cordoba.salesianos.edu\\\/colegio\\\/oferta-educativa\\\/#breadcrumb\"},\"inLanguage\":\"es\",\"potentialAction\":[{\"@type\":\"ReadAction\",\"target\":[\"https:\\\/\\\/cordoba.salesianos.edu\\\/colegio\\\/oferta-educativa\\\/\"]}]},{\"@type\":\"BreadcrumbList\",\"@id\":\"https:\\\/\\\/cordoba.salesianos.edu\\\/colegio\\\/oferta-educativa\\\/#breadcrumb\",\"itemListElement\":[{\"@type\":\"ListItem\",\"position\":1,\"name\":\"Portada\",\"item\":\"https:\\\/\\\/cordoba.salesianos.edu\\\/colegio\\\/\"},{\"@type\":\"ListItem\",\"position\":2,\"name\":\"Oferta Educativa\"}]},{\"@type\":\"WebSite\",\"@id\":\"https:\\\/\\\/cordoba.salesianos.edu\\\/colegio\\\/#website\",\"url\":\"https:\\\/\\\/cordoba.salesianos.edu\\\/colegio\\\/\",\"name\":\"Colegio Salesiano San Francisco de Sales\",\"description\":\"P\u00e1gina oficial Salesianos C\u00f3rdoba\",\"potentialAction\":[{\"@type\":\"SearchAction\",\"target\":{\"@type\":\"EntryPoint\",\"urlTemplate\":\"https:\\\/\\\/cordoba.salesianos.edu\\\/colegio\\\/?s={search_term_string}\"},\"query-input\":{\"@type\":\"PropertyValueSpecification\",\"valueRequired\":true,\"valueName\":\"search_term_string\"}}],\"inLanguage\":\"es\"}]}<\/script>\n<!-- \/ Yoast SEO plugin. -->","yoast_head_json":{"title":"Oferta Educativa - Colegio Salesiano San Francisco de Sales","robots":{"index":"index","follow":"follow","max-snippet":"max-snippet:-1","max-image-preview":"max-image-preview:large","max-video-preview":"max-video-preview:-1"},"canonical":"https:\/\/cordoba.salesianos.edu\/colegio\/oferta-educativa\/","og_locale":"es_ES","og_type":"article","og_title":"Oferta Educativa - Colegio Salesiano San Francisco de Sales","og_description":"Una escuela que acompa\u00f1aEn nuestro centro tus hijos\/as podr\u00e1n cursar tanto las etapas obligatorias (Primaria y Secundaria) como las no obligatorias (Infantil y Bachillerato), incluso tendr\u00e1n con la opci\u00f3n de estudiar un ciclo formativo\u00a0con nosotros, s\u00ed as\u00ed lo desean. Esto significa que desde los 3 a\u00f1os hasta su formaci\u00f3n profesional o pre-universitaria podr\u00e1n disfrutar de [&hellip;]","og_url":"https:\/\/cordoba.salesianos.edu\/colegio\/oferta-educativa\/","og_site_name":"Colegio Salesiano San Francisco de Sales","article_modified_time":"2021-09-14T08:01:16+00:00","twitter_card":"summary_large_image","twitter_misc":{"Tiempo de lectura":"8 minutos"},"schema":{"@context":"https:\/\/schema.org","@graph":[{"@type":"WebPage","@id":"https:\/\/cordoba.salesianos.edu\/colegio\/oferta-educativa\/","url":"https:\/\/cordoba.salesianos.edu\/colegio\/oferta-educativa\/","name":"Oferta Educativa - Colegio Salesiano San Francisco de Sales","isPartOf":{"@id":"https:\/\/cordoba.salesianos.edu\/colegio\/#website"},"datePublished":"2020-10-07T18:15:18+00:00","dateModified":"2021-09-14T08:01:16+00:00","breadcrumb":{"@id":"https:\/\/cordoba.salesianos.edu\/colegio\/oferta-educativa\/#breadcrumb"},"inLanguage":"es","potentialAction":[{"@type":"ReadAction","target":["https:\/\/cordoba.salesianos.edu\/colegio\/oferta-educativa\/"]}]},{"@type":"BreadcrumbList","@id":"https:\/\/cordoba.salesianos.edu\/colegio\/oferta-educativa\/#breadcrumb","itemListElement":[{"@type":"ListItem","position":1,"name":"Portada","item":"https:\/\/cordoba.salesianos.edu\/colegio\/"},{"@type":"ListItem","position":2,"name":"Oferta Educativa"}]},{"@type":"WebSite","@id":"https:\/\/cordoba.salesianos.edu\/colegio\/#website","url":"https:\/\/cordoba.salesianos.edu\/colegio\/","name":"Colegio Salesiano San Francisco de Sales","description":"P\u00e1gina oficial Salesianos C\u00f3rdoba","potentialAction":[{"@type":"SearchAction","target":{"@type":"EntryPoint","urlTemplate":"https:\/\/cordoba.salesianos.edu\/colegio\/?s={search_term_string}"},"query-input":{"@type":"PropertyValueSpecification","valueRequired":true,"valueName":"search_term_string"}}],"inLanguage":"es"}]}},"_links":{"self":[{"href":"https:\/\/cordoba.salesianos.edu\/colegio\/wp-json\/wp\/v2\/pages\/4826","targetHints":{"allow":["GET"]}}],"collection":[{"href":"https:\/\/cordoba.salesianos.edu\/colegio\/wp-json\/wp\/v2\/pages"}],"about":[{"href":"https:\/\/cordoba.salesianos.edu\/colegio\/wp-json\/wp\/v2\/types\/page"}],"author":[{"embeddable":true,"href":"https:\/\/cordoba.salesianos.edu\/colegio\/wp-json\/wp\/v2\/users\/3"}],"replies":[{"embeddable":true,"href":"https:\/\/cordoba.salesianos.edu\/colegio\/wp-json\/wp\/v2\/comments?post=4826"}],"version-history":[{"count":11,"href":"https:\/\/cordoba.salesianos.edu\/colegio\/wp-json\/wp\/v2\/pages\/4826\/revisions"}],"predecessor-version":[{"id":7810,"href":"https:\/\/cordoba.salesianos.edu\/colegio\/wp-json\/wp\/v2\/pages\/4826\/revisions\/7810"}],"wp:attachment":[{"href":"https:\/\/cordoba.salesianos.edu\/colegio\/wp-json\/wp\/v2\/media?parent=4826"}],"curies":[{"name":"wp","href":"https:\/\/api.w.org\/{rel}","templated":true}]}}